{"id":4464,"date":"2021-10-04T18:43:06","date_gmt":"2021-10-04T18:43:06","guid":{"rendered":"https:\/\/meshpro.de\/?page_id=4464"},"modified":"2026-02-17T10:37:49","modified_gmt":"2026-02-17T10:37:49","slug":"entstehung-team","status":"publish","type":"page","link":"https:\/\/meshpro.de\/en\/entstehung-team\/","title":{"rendered":"History &amp; Team"},"content":{"rendered":"<div class=\"wp-block-columns alignwide is-layout-flex wp-container-core-columns-is-layout-9d6595d7 wp-block-columns-is-layout-flex\">\n<div class=\"wp-block-column is-layout-flow wp-block-column-is-layout-flow\">\n<div class=\"wp-block-columns is-layout-flex wp-container-core-columns-is-layout-9d6595d7 wp-block-columns-is-layout-flex\">\n<div class=\"wp-block-column is-vertically-aligned-center is-layout-flow wp-block-column-is-layout-flow\">\n<div class=\"wp-block-cover alignfull has-custom-content-position is-position-bottom-center has-white-color has-text-color has-link-color wp-elements-2e2cb7cab4401ca7fb14df8c2029e156 wp-duotone-unset-2\" style=\"padding-top:0;padding-bottom:0;min-height:396px;aspect-ratio:unset;\"><img decoding=\"async\" width=\"2400\" height=\"1000\" class=\"wp-block-cover__image-background wp-image-4419 size-full lazyload\" alt=\"\" data-src=\"https:\/\/meshpro.de\/wp-content\/uploads\/2025\/11\/Test-Banner-Photoroom-2.png\" style=\"--smush-placeholder-width: 2400px; --smush-placeholder-aspect-ratio: 2400\/1000;object-position:40% 18%\" data-object-fit=\"cover\" data-object-position=\"40% 18%\" data-srcset=\"https:\/\/meshpro.de\/wp-content\/uploads\/2025\/11\/Test-Banner-Photoroom-2.png 2400w, https:\/\/meshpro.de\/wp-content\/uploads\/2025\/11\/Test-Banner-Photoroom-2-300x125.png 300w, https:\/\/meshpro.de\/wp-content\/uploads\/2025\/11\/Test-Banner-Photoroom-2-1024x427.png 1024w, https:\/\/meshpro.de\/wp-content\/uploads\/2025\/11\/Test-Banner-Photoroom-2-768x320.png 768w, https:\/\/meshpro.de\/wp-content\/uploads\/2025\/11\/Test-Banner-Photoroom-2-1536x640.png 1536w, https:\/\/meshpro.de\/wp-content\/uploads\/2025\/11\/Test-Banner-Photoroom-2-2048x853.png 2048w, https:\/\/meshpro.de\/wp-content\/uploads\/2025\/11\/Test-Banner-Photoroom-2-18x8.png 18w, https:\/\/meshpro.de\/wp-content\/uploads\/2025\/11\/Test-Banner-Photoroom-2-600x250.png 600w\" data-sizes=\"(max-width: 2400px) 100vw, 2400px\" src=\"data:image\/svg+xml;base64,PHN2ZyB3aWR0aD0iMSIgaGVpZ2h0PSIxIiB4bWxucz0iaHR0cDovL3d3dy53My5vcmcvMjAwMC9zdmciPjwvc3ZnPg==\" \/><span aria-hidden=\"true\" class=\"wp-block-cover__background has-background-dim-100 has-background-dim wp-block-cover__gradient-background has-background-gradient\" style=\"background:linear-gradient(1deg,rgb(0,0,0) 20%,rgba(251,251,251,0) 84%)\"><\/span><div class=\"wp-block-cover__inner-container is-layout-constrained wp-block-cover-is-layout-constrained\">\n<p class=\"has-text-align-center\" style=\"font-size:40px;text-transform:uppercase\">History &amp; Team<\/p>\n<\/div><\/div>\n\n\n\n<div style=\"height:25px\" aria-hidden=\"true\" class=\"wp-block-spacer\"><\/div>\n\n\n\n<h2 class=\"wp-block-heading has-black-color has-text-color has-link-color has-large-font-size wp-elements-7e1bc09d8e0dfa4ba9ba4d4467e25f76\">About the Team<\/h2>\n\n\n\n<div class=\"wp-block-media-text is-stacked-on-mobile\" style=\"grid-template-columns:33% auto\"><figure class=\"wp-block-media-text__media\"><img decoding=\"async\" width=\"1024\" height=\"1024\" data-src=\"https:\/\/meshpro.de\/wp-content\/uploads\/2026\/02\/PZP1347-scaled-e1771059391797-1024x1024.jpg\" alt=\"\" class=\"wp-image-4588 size-full lazyload\" data-srcset=\"https:\/\/meshpro.de\/wp-content\/uploads\/2026\/02\/PZP1347-scaled-e1771059391797-1024x1024.jpg 1024w, https:\/\/meshpro.de\/wp-content\/uploads\/2026\/02\/PZP1347-scaled-e1771059391797-300x300.jpg 300w, https:\/\/meshpro.de\/wp-content\/uploads\/2026\/02\/PZP1347-scaled-e1771059391797-150x150.jpg 150w, https:\/\/meshpro.de\/wp-content\/uploads\/2026\/02\/PZP1347-scaled-e1771059391797-768x768.jpg 768w, https:\/\/meshpro.de\/wp-content\/uploads\/2026\/02\/PZP1347-scaled-e1771059391797-1536x1536.jpg 1536w, https:\/\/meshpro.de\/wp-content\/uploads\/2026\/02\/PZP1347-scaled-e1771059391797-12x12.jpg 12w, https:\/\/meshpro.de\/wp-content\/uploads\/2026\/02\/PZP1347-scaled-e1771059391797-600x600.jpg 600w, https:\/\/meshpro.de\/wp-content\/uploads\/2026\/02\/PZP1347-scaled-e1771059391797-100x100.jpg 100w, https:\/\/meshpro.de\/wp-content\/uploads\/2026\/02\/PZP1347-scaled-e1771059391797.jpg 1702w\" data-sizes=\"(max-width: 1024px) 100vw, 1024px\" src=\"data:image\/svg+xml;base64,PHN2ZyB3aWR0aD0iMSIgaGVpZ2h0PSIxIiB4bWxucz0iaHR0cDovL3d3dy53My5vcmcvMjAwMC9zdmciPjwvc3ZnPg==\" style=\"--smush-placeholder-width: 1024px; --smush-placeholder-aspect-ratio: 1024\/1024;\" \/><\/figure><div class=\"wp-block-media-text__content\">\n<p>MESHPRO was founded in 2018 by Simon Kemmer and his brother Julian Kemmer. However, the idea of 3D-printed grips came to Simon even earlier: in 2016, at the young age of 16, he built his own 3D printer and, as a passionate sports shooter, quickly developed the idea of producing enhanced components for his air rifle. To achieve this, he created a unique mesh structure (MESH) that allows for airflow while providing exceptional grip and durability. After initial prototypes of the MESH-design grip were successfully tested, Simon and his brother Julian, a business economist and fellow sports shooter, established MESHPRO with the support of their father, Uwe Kemmer, as part of their family\u2019s stainless-steel manufacturing business.<\/p>\n<\/div><\/div>\n\n\n\n<div style=\"height:13px\" aria-hidden=\"true\" class=\"wp-block-spacer\"><\/div>\n\n\n\n<p class=\"has-black-color has-text-color has-link-color wp-elements-e8f6d7d1dcabf03bba48353bdeb36654 translation-block\">Over the following years, MESHPRO grips were continually optimized and expanded with cheek pieces and hand rests for air rifles. Since 2022, MESHPRO products have been available as top-line equipment for all new models of Feinwerkbau, their cooperation partner. With the launch of the MESHPRO online shop, MESHPRO parts are now available for various other sports weapon models from different manufacturers.<\/p>\n\n\n\n<p class=\"has-black-color has-text-color has-link-color wp-elements-8ed0baed6fd361e3e8df2e1926c02eb7\">With the continuous improvement of grips and accessories, the Kemmer brothers have set themselves the goal of setting new standards in shooting sports equipment through innovation and high quality. True to the motto \"by shooters for shooters\", the team pursues a clear approach: solving problems faced by sport shooters. The passion for shooting sports and the pursuit of excellence drive the MESHPRO team to create innovative solutions that are not only functional, but also take the shooting experience to a new level.<\/p>\n\n\n\n<div class=\"wp-block-group alignfull is-content-justification-center\" style=\"margin-top:0;margin-bottom:0;padding-top:calc( 0.5 * var(--wp--style--root--padding-right, var(--wp--custom--gap--horizontal)));padding-right:var(--wp--style--root--padding-right, var(--wp--custom--gap--horizontal));padding-bottom:calc( 0.5 * var(--wp--style--root--padding-right, var(--wp--custom--gap--horizontal)));padding-left:var(--wp--style--root--padding-left, var(--wp--custom--gap--horizontal))\"><div class=\"wp-block-group__inner-container is-layout-constrained wp-container-core-group-is-layout-b073b61b wp-block-group-is-layout-constrained\">\n<div style=\"height:calc( 0.25 * var(--wp--style--root--padding-right, var(--wp--custom--gap--horizontal)))\" aria-hidden=\"true\" class=\"wp-block-spacer\"><\/div>\n\n\n\n<div style=\"height:calc( 0.25 * var(--wp--style--root--padding-right, var(--wp--custom--gap--horizontal)))\" aria-hidden=\"true\" class=\"wp-block-spacer\"><\/div>\n<\/div><\/div>\n\n\n\n<div style=\"height:41px\" aria-hidden=\"true\" class=\"wp-block-spacer\"><\/div>\n\n\n\n<div class=\"wp-block-columns is-layout-flex wp-container-core-columns-is-layout-9d6595d7 wp-block-columns-is-layout-flex\">\n<div class=\"wp-block-column is-layout-flow wp-block-column-is-layout-flow\"><div class=\"wp-block-image is-style-rounded\">\n<figure class=\"aligncenter is-resized\"><img decoding=\"async\" data-src=\"https:\/\/meshpro.de\/wp-content\/uploads\/2026\/02\/PZP1320-scaled-e1771058771275.jpg\" alt=\"\" class=\"wp-image-4584 lazyload\" style=\"--smush-placeholder-width: 1242px; --smush-placeholder-aspect-ratio: 1242\/1242;width:285px;height:auto\" src=\"data:image\/svg+xml;base64,PHN2ZyB3aWR0aD0iMSIgaGVpZ2h0PSIxIiB4bWxucz0iaHR0cDovL3d3dy53My5vcmcvMjAwMC9zdmciPjwvc3ZnPg==\" \/><\/figure>\n<\/div>\n\n\n<div style=\"height:30px\" aria-hidden=\"true\" class=\"wp-block-spacer\"><\/div>\n\n\n\n<p class=\"has-text-align-center has-black-color has-text-color has-link-color has-medium-font-size wp-elements-89e69e126a41180bbcb1fd66fa064fda\"><strong>Simon Kemmer<\/strong><\/p>\n\n\n\n<p class=\"has-text-align-center has-black-color has-text-color has-link-color wp-elements-027900c5926ae9a521ca734e05f29abe\">R&amp;D, Production &amp; Operations<\/p>\n<\/div>\n\n\n\n<div class=\"wp-block-column is-layout-flow wp-block-column-is-layout-flow\"><div class=\"wp-block-image is-style-rounded\">\n<figure class=\"aligncenter size-large is-resized\"><img decoding=\"async\" width=\"2560\" height=\"2560\" data-src=\"https:\/\/meshpro.de\/wp-content\/uploads\/2025\/11\/20250612_081333487_iOS-edited-1-scaled.jpg\" alt=\"\" class=\"wp-image-4457 lazyload\" style=\"--smush-placeholder-width: 2560px; --smush-placeholder-aspect-ratio: 2560\/2560;width:286px;height:auto\" data-srcset=\"https:\/\/meshpro.de\/wp-content\/uploads\/2025\/11\/20250612_081333487_iOS-edited-1-scaled.jpg 2560w, https:\/\/meshpro.de\/wp-content\/uploads\/2025\/11\/20250612_081333487_iOS-edited-1-300x300.jpg 300w, https:\/\/meshpro.de\/wp-content\/uploads\/2025\/11\/20250612_081333487_iOS-edited-1-1024x1024.jpg 1024w, https:\/\/meshpro.de\/wp-content\/uploads\/2025\/11\/20250612_081333487_iOS-edited-1-150x150.jpg 150w, https:\/\/meshpro.de\/wp-content\/uploads\/2025\/11\/20250612_081333487_iOS-edited-1-768x768.jpg 768w, https:\/\/meshpro.de\/wp-content\/uploads\/2025\/11\/20250612_081333487_iOS-edited-1-1536x1536.jpg 1536w, https:\/\/meshpro.de\/wp-content\/uploads\/2025\/11\/20250612_081333487_iOS-edited-1-2048x2048.jpg 2048w, https:\/\/meshpro.de\/wp-content\/uploads\/2025\/11\/20250612_081333487_iOS-edited-1-12x12.jpg 12w, https:\/\/meshpro.de\/wp-content\/uploads\/2025\/11\/20250612_081333487_iOS-edited-1-600x600.jpg 600w, https:\/\/meshpro.de\/wp-content\/uploads\/2025\/11\/20250612_081333487_iOS-edited-1-100x100.jpg 100w\" data-sizes=\"(max-width: 2560px) 100vw, 2560px\" src=\"data:image\/svg+xml;base64,PHN2ZyB3aWR0aD0iMSIgaGVpZ2h0PSIxIiB4bWxucz0iaHR0cDovL3d3dy53My5vcmcvMjAwMC9zdmciPjwvc3ZnPg==\" \/><\/figure>\n<\/div>\n\n\n<div style=\"height:30px\" aria-hidden=\"true\" class=\"wp-block-spacer\"><\/div>\n\n\n\n<p class=\"has-text-align-center has-black-color has-text-color has-link-color has-medium-font-size wp-elements-2aa4cd4e19ce796c10b886c720cc38a0\"><strong>Uwe Kemmer<\/strong><\/p>\n\n\n\n<p class=\"has-text-align-center has-black-color has-text-color has-link-color wp-elements-ad7a339860e67f9699727d42204514d0\">CEO<\/p>\n<\/div>\n\n\n\n<div class=\"wp-block-column is-layout-flow wp-block-column-is-layout-flow\"><div class=\"wp-block-image is-style-rounded\">\n<figure class=\"aligncenter is-resized\"><img decoding=\"async\" width=\"1246\" height=\"1246\" data-src=\"https:\/\/meshpro.de\/wp-content\/uploads\/2026\/02\/PZP1330-scaled-e1771058861924.jpg\" alt=\"\" class=\"wp-image-4585 lazyload\" style=\"--smush-placeholder-width: 1246px; --smush-placeholder-aspect-ratio: 1246\/1246;width:287px;height:auto\" data-srcset=\"https:\/\/meshpro.de\/wp-content\/uploads\/2026\/02\/PZP1330-scaled-e1771058861924.jpg 1246w, https:\/\/meshpro.de\/wp-content\/uploads\/2026\/02\/PZP1330-scaled-e1771058861924-300x300.jpg 300w, https:\/\/meshpro.de\/wp-content\/uploads\/2026\/02\/PZP1330-scaled-e1771058861924-1024x1024.jpg 1024w, https:\/\/meshpro.de\/wp-content\/uploads\/2026\/02\/PZP1330-scaled-e1771058861924-150x150.jpg 150w, https:\/\/meshpro.de\/wp-content\/uploads\/2026\/02\/PZP1330-scaled-e1771058861924-768x768.jpg 768w, https:\/\/meshpro.de\/wp-content\/uploads\/2026\/02\/PZP1330-scaled-e1771058861924-12x12.jpg 12w, https:\/\/meshpro.de\/wp-content\/uploads\/2026\/02\/PZP1330-scaled-e1771058861924-600x600.jpg 600w, https:\/\/meshpro.de\/wp-content\/uploads\/2026\/02\/PZP1330-scaled-e1771058861924-100x100.jpg 100w\" data-sizes=\"(max-width: 1246px) 100vw, 1246px\" src=\"data:image\/svg+xml;base64,PHN2ZyB3aWR0aD0iMSIgaGVpZ2h0PSIxIiB4bWxucz0iaHR0cDovL3d3dy53My5vcmcvMjAwMC9zdmciPjwvc3ZnPg==\" \/><\/figure>\n<\/div>\n\n\n<div style=\"height:30px\" aria-hidden=\"true\" class=\"wp-block-spacer\"><\/div>\n\n\n\n<p class=\"has-text-align-center has-black-color has-text-color has-link-color has-medium-font-size wp-elements-bc60756840da0334998a39faeac3aae5\"><strong>Julian Kemmer<\/strong><\/p>\n\n\n\n<p class=\"has-text-align-center has-black-color has-text-color has-link-color wp-elements-cde7ca00cdf9026fb5e85a366fc9f180\">Marketing, Sales &amp; Strategy<\/p>\n<\/div>\n<\/div>\n<\/div>\n<\/div>\n<\/div>\n<\/div>\n\n\n\n<div style=\"height:100px\" aria-hidden=\"true\" class=\"wp-block-spacer\"><\/div>\n\n\n\n<p><\/p>","protected":false},"excerpt":{"rendered":"<p>\u00dcber das Team und die Entstehung MESHPRO wurde im Jahr 2018 durch Simon Kemmer und seinem Bruder Julian Kemmer gegr\u00fcndet. Die Idee zu 3D-gedruckten Griffe hatte Simon jedoch schon fr\u00fcher: 2016 baute sich er im Alter von gerade einmal 16 Jahren einen eigenen 3D-Drucker und hatte als passionierter Sportsch\u00fctze schnell die Idee, verbesserte Komponenten f\u00fcr &hellip;<\/p>","protected":false},"author":2,"featured_media":0,"parent":0,"menu_order":0,"comment_status":"closed","ping_status":"closed","template":"","meta":{"_themeisle_gutenberg_block_has_review":false,"footnotes":""},"class_list":["post-4464","page","type-page","status-publish","hentry"],"_links":{"self":[{"href":"https:\/\/meshpro.de\/en\/wp-json\/wp\/v2\/pages\/4464","targetHints":{"allow":["GET"]}}],"collection":[{"href":"https:\/\/meshpro.de\/en\/wp-json\/wp\/v2\/pages"}],"about":[{"href":"https:\/\/meshpro.de\/en\/wp-json\/wp\/v2\/types\/page"}],"author":[{"embeddable":true,"href":"https:\/\/meshpro.de\/en\/wp-json\/wp\/v2\/users\/2"}],"replies":[{"embeddable":true,"href":"https:\/\/meshpro.de\/en\/wp-json\/wp\/v2\/comments?post=4464"}],"version-history":[{"count":13,"href":"https:\/\/meshpro.de\/en\/wp-json\/wp\/v2\/pages\/4464\/revisions"}],"predecessor-version":[{"id":4626,"href":"https:\/\/meshpro.de\/en\/wp-json\/wp\/v2\/pages\/4464\/revisions\/4626"}],"wp:attachment":[{"href":"https:\/\/meshpro.de\/en\/wp-json\/wp\/v2\/media?parent=4464"}],"curies":[{"name":"wp","href":"https:\/\/api.w.org\/{rel}","templated":true}]}}