{"id":17,"date":"2021-10-04T16:53:26","date_gmt":"2021-10-04T16:53:26","guid":{"rendered":"https:\/\/meshpro.de\/zahlungsweisen"},"modified":"2023-09-12T13:40:39","modified_gmt":"2023-09-12T13:40:39","slug":"zahlungsweisen","status":"publish","type":"page","link":"https:\/\/meshpro.de\/en\/zahlungsweisen\/","title":{"rendered":"Zahlungsweisen"},"content":{"rendered":"<p><strong>Zahlungsarten<\/strong><\/p>\n<p>Im Folgenden finden Sie alle Zahlungsarten, welche von uns angeboten werden. Die Versandkosten sind teilweise abh\u00e4ngig von der gew\u00e4hlten Zahlungsart. Die in den jeweiligen Angeboten angef\u00fchrten Preise stellen Endpreise dar. Sie beinhalten alle Preisbestandteile einschlie\u00dflich etwaig anfallender Steuern wie Mehrwertsteuer. Nur bei grenz\u00fcberschreitender Lieferung k\u00f6nnen im Einzelfall weitere Steuern (z.B. im Falle eines innergemeinschaftlichen Erwerbs) und\/oder Abgaben (z.B. Z\u00f6lle) von Ihnen zu zahlen sein, jedoch nicht an den Verk\u00e4ufer, sondern an die dort zust\u00e4ndigen Zoll- bzw. Steuerbeh\u00f6rden. Die anfallenden Liefer- und Versandkosten sind nicht im Kaufpreis enthalten, sie sind \u00fcber die Seite \u201eVersandkosten\u201c aufrufbar, werden im Laufe des Bestellvorganges gesondert ausgewiesen und sind von Ihnen zus\u00e4tzlich zu tragen.<\/p>\n<p><em>Nachnahme<\/em><\/p>\n<p>Bitte halten Sie den Rechnungsbetrag bereit; der Zusteller kassiert bei Lieferung in bar (keine Schecks). Bei Nachnahme fallen zus\u00e4tzlich [6,50 EUR Nachnahmegeb\u00fchren] an, die direkt an den Paketzusteller zu entrichten sind.<\/p>\n<p><em>Lastschrift<\/em><\/p>\n<p>Wir ziehen den Rechnungsbetrag Ihrer Bestellung von Ihrem hinterlegten Bankkonto nach der get\u00e4tigten Bestellung ein. [Plus 2 Euro Geb\u00fchr]<\/p>\n<p><em>Auf Rechnung<\/em><br \/>\nEinfach bestellen und im Anschlu\u00df erst bezahlen. [Plus 2 Euro Geb\u00fchr]<\/p>\n<p><em>Kreditkarte<\/em><\/p>\n<p>Zahlen Sie ganz einfach per Kreditkarte.<\/p>\n<p><em>PayPal<\/em><\/p>\n<p>Noch schneller und sicherer bezahlen mit ihrem PayPal-Konto.<\/p>\n<p><em>Vorkasse<\/em><\/p>\n<p>Kostenloser Versand innerhalb Deutschlands (Au\u00dfer Express-Versand)<\/p>\n<p>Bitte \u00fcberweisen Sie den Gesamtbetrag Ihrer Bestellung auf unser Konto:<\/p>\n<p>Kontoinhaber: Demoshop GmbH &amp; Co.KG<br \/>\nKontonummer: 10000000<br \/>\nBLZ: 222 22 222<br \/>\nKreditinstitut: Bank Demostadt<br \/>\nSWIFT: DELE944834<br \/>\nIBAN: DE12345678910111213<\/p>\n<p><em>Barzahlung<\/em><\/p>\n<p>Bestellen Sie online und holen Sie Ihre Bestellung bei uns in der Produktion einfach ab:<\/p>\n<p>Kemmer Edelstahlschlosserei GmbH<br \/>\nB\u00f6hringerstra\u00dfe 39\/1 in 78315 Radolfzell<br \/>\nMo \u2013 Do 7:00 \u2013 12:00, 12:30 \u2013 16:30<br \/>\nSa 7:00 \u2013 12:15<\/p>\n","protected":false},"excerpt":{"rendered":"<p>Zahlungsarten Im Folgenden finden Sie alle Zahlungsarten, welche von uns angeboten werden. Die Versandkosten sind teilweise abh\u00e4ngig von der gew\u00e4hlten Zahlungsart. Die in den jeweiligen Angeboten angef\u00fchrten Preise stellen Endpreise dar. Sie beinhalten alle Preisbestandteile einschlie\u00dflich etwaig anfallender Steuern wie Mehrwertsteuer. Nur bei grenz\u00fcberschreitender Lieferung k\u00f6nnen im Einzelfall weitere Steuern (z.B. im Falle eines innergemeinschaftlichen &hellip;<\/p>","protected":false},"author":1,"featured_media":0,"parent":0,"menu_order":0,"comment_status":"closed","ping_status":"closed","template":"","meta":{"_themeisle_gutenberg_block_has_review":false,"footnotes":""},"class_list":["post-17","page","type-page","status-publish","hentry"],"_links":{"self":[{"href":"https:\/\/meshpro.de\/en\/wp-json\/wp\/v2\/pages\/17","targetHints":{"allow":["GET"]}}],"collection":[{"href":"https:\/\/meshpro.de\/en\/wp-json\/wp\/v2\/pages"}],"about":[{"href":"https:\/\/meshpro.de\/en\/wp-json\/wp\/v2\/types\/page"}],"author":[{"embeddable":true,"href":"https:\/\/meshpro.de\/en\/wp-json\/wp\/v2\/users\/1"}],"replies":[{"embeddable":true,"href":"https:\/\/meshpro.de\/en\/wp-json\/wp\/v2\/comments?post=17"}],"version-history":[{"count":1,"href":"https:\/\/meshpro.de\/en\/wp-json\/wp\/v2\/pages\/17\/revisions"}],"predecessor-version":[{"id":1923,"href":"https:\/\/meshpro.de\/en\/wp-json\/wp\/v2\/pages\/17\/revisions\/1923"}],"wp:attachment":[{"href":"https:\/\/meshpro.de\/en\/wp-json\/wp\/v2\/media?parent=17"}],"curies":[{"name":"wp","href":"https:\/\/api.w.org\/{rel}","templated":true}]}}