{"id":4733,"date":"2026-03-03T13:40:41","date_gmt":"2026-03-03T13:40:41","guid":{"rendered":"https:\/\/meshpro.de\/?page_id=4733"},"modified":"2026-03-03T15:39:53","modified_gmt":"2026-03-03T15:39:53","slug":"meshpro-haendlerverzeichnis","status":"publish","type":"page","link":"https:\/\/meshpro.de\/de\/meshpro-haendlerverzeichnis\/","title":{"rendered":"H\u00e4ndler"},"content":{"rendered":"\n<div style=\"height:20px\" aria-hidden=\"true\" class=\"wp-block-spacer\"><\/div>\n\n\n\n<h2 class=\"wp-block-heading\">MESHPRO H\u00e4ndlerverzeichnis<\/h2>\n\n\n\n<p>Unser globales H\u00e4ndlernetzwerk verbindet Sch\u00fctzen weltweit mit MESHPRO. Ob in Europa, Amerika oder dar\u00fcber hinaus \u2013 unsere Partner stehen f\u00fcr Qualit\u00e4t, Fachkompetenz und individuelle Beratung. Finden Sie den passenden H\u00e4ndler in Ihrer N\u00e4he und erleben Sie unsere Produkte direkt vor Ort.<\/p>\n\n\n\n    <link rel=\"stylesheet\" href=\"https:\/\/unpkg.com\/leaflet\/dist\/leaflet.css\" \/>\n\n    <div id=\"map\" style=\"width:100%; height:500px; border-radius:12px; margin-bottom:30px;\"><\/div>\n    <div id=\"dealer-list\"><\/div>\n\n    <div id=\"dealer-data\" data-dealers='[{&quot;name&quot;:&quot;Cibles Canada Targets&quot;,&quot;content&quot;:&quot;Saint-Henri 181, J8X 4J6 Gatineau (CA)&quot;,&quot;lat&quot;:45.43976597489849,&quot;lng&quot;:-75.72234911746506,&quot;link&quot;:&quot;https:\\\/\\\/targets.ca\\\/&quot;,&quot;country&quot;:&quot;Canada&quot;},{&quot;name&quot;:&quot;Schiesssport Gerdes&quot;,&quot;content&quot;:&quot;Ringstrasse 140, 26892 Lehe&quot;,&quot;lat&quot;:53.28410052996214,&quot;lng&quot;:7.414397792094941,&quot;link&quot;:&quot;http:\\\/\\\/www.ssg-lehe.de\\\/&quot;,&quot;country&quot;:&quot;Germany&quot;},{&quot;name&quot;:&quot;C-Ma Trading GmbH&quot;,&quot;content&quot;:&quot;Ruederstrasse 29, 5040 Sch\\u00f6ftland&quot;,&quot;lat&quot;:47.31616817520787,&quot;lng&quot;:8.05276515815183,&quot;link&quot;:&quot;https:\\\/\\\/www.c-ma.ch\\\/&quot;,&quot;country&quot;:&quot;Switzerland&quot;},{&quot;name&quot;:&quot;Shooting Futuristic&quot;,&quot;content&quot;:&quot;CPM09-A-3, EMAAR, F109, Emaar MGF Mohali Sector 105, SECTOR-105, Sahibzada Ajit Singh Nagar, Punjab 160062&quot;,&quot;lat&quot;:30.6578161728495,&quot;lng&quot;:76.6809899,&quot;link&quot;:&quot;https:\\\/\\\/www.instagram.com\\\/shootingfuturistic\\\/?hl=de&quot;,&quot;country&quot;:&quot;India&quot;},{&quot;name&quot;:&quot;Red Hill Tactical&quot;,&quot;content&quot;:&quot;13024 Pennsylvania Avenue,\\r\\n\\r\\nHagerstown Maryland 21742&quot;,&quot;lat&quot;:39.67160558788468,&quot;lng&quot;:-77.71977934072379,&quot;link&quot;:&quot;https:\\\/\\\/redhilltactical.com\\\/&quot;,&quot;country&quot;:&quot;USA&quot;},{&quot;name&quot;:&quot;Lacey&amp;#8217;s Shooting Services&quot;,&quot;content&quot;:&quot;14 Battery Hill, Bishop&#039;s Waltham, Southampton SO32 1BT&quot;,&quot;lat&quot;:50.9571350503762,&quot;lng&quot;:-1.2234368459016536,&quot;link&quot;:&quot;http:\\\/\\\/Lacey&amp;#039;s%20Shooting%20Services&quot;,&quot;country&quot;:&quot;United Kingdom&quot;},{&quot;name&quot;:&quot;Potter Firearms&quot;,&quot;content&quot;:&quot;Unit 15\\\/37 Blanck St, Ormeau QLD 4208&quot;,&quot;lat&quot;:-27.78212183380348,&quot;lng&quot;:153.2571027706064,&quot;link&quot;:&quot;https:\\\/\\\/potfire.com.au\\\/&quot;,&quot;country&quot;:&quot;Australia&quot;},{&quot;name&quot;:&quot;Sport Shooting Depot&quot;,&quot;content&quot;:&quot;2929 Brentwood Rd,\\r\\nWest Bloomfield MI, 48323&quot;,&quot;lat&quot;:42.57535108313959,&quot;lng&quot;:-83.34012163084505,&quot;link&quot;:&quot;https:\\\/\\\/sportshootingdepot.com\\\/&quot;,&quot;country&quot;:&quot;USA&quot;},{&quot;name&quot;:&quot;Edinkillie Sport Services&quot;,&quot;content&quot;:&quot;13 Chanonry Crescent, FORTROSE, IV10 8RH&quot;,&quot;lat&quot;:57.58019822320278,&quot;lng&quot;:-4.1173485,&quot;link&quot;:&quot;https:\\\/\\\/www.edinkillie.co.uk&quot;,&quot;country&quot;:&quot;United Kingdom&quot;},{&quot;name&quot;:&quot;Hermann\\u00b4s Shooting Guns&quot;,&quot;content&quot;:&quot;Mirboo North Victoria 3871&quot;,&quot;lat&quot;:-38.40122729552379,&quot;lng&quot;:146.16100464449036,&quot;link&quot;:&quot;https:\\\/\\\/hermannsguns.com.au\\\/&quot;,&quot;country&quot;:&quot;Australia&quot;},{&quot;name&quot;:&quot;Schiess Japan LTD&quot;,&quot;content&quot;:&quot;\\u672c\\u90f7\\u753a\\uff13-16, Numazu-shi Shizuoka&quot;,&quot;lat&quot;:35.097357509791784,&quot;lng&quot;:138.87057462660638,&quot;link&quot;:&quot;https:\\\/\\\/4112.o.oo7.jp\\\/?fbclid=IwY2xjawQTvWVleHRuA2FlbQIxMABicmlkETBaRWNCeGZaMTBKMndVYnhPc3J0YwZhcHBfaWQQMjIyMDM5MTc4ODIwMDg5MgABHi_VeAXJUAiYf2bk61ob2_5oea2YvbyMmd0PAX90tFXZDGJe5yhFjptafN1P_aem_rwRX6PtQv4we5pJduQnmCw&quot;,&quot;country&quot;:&quot;Japan&quot;},{&quot;name&quot;:&quot;Sportec AB&quot;,&quot;content&quot;:&quot;Tegelv\\u00e4gen 10, 232 54 \\u00c5karp&quot;,&quot;lat&quot;:55.65778998599904,&quot;lng&quot;:13.101893181259975,&quot;link&quot;:&quot;https:\\\/\\\/www.sportec.se\\\/&quot;,&quot;country&quot;:&quot;Sweden&quot;},{&quot;name&quot;:&quot;Nagges Sportvapen&quot;,&quot;content&quot;:&quot;J\\u00e4rnv\\u00e4gsgatan 10,\\r\\n\\r\\n514 70 GRIMS\\u00c5S&quot;,&quot;lat&quot;:57.50705078073882,&quot;lng&quot;:13.560382667228096,&quot;link&quot;:&quot;https:\\\/\\\/www.naggessportvapen.se\\\/&quot;,&quot;country&quot;:&quot;Sweden&quot;},{&quot;name&quot;:&quot;\\u00c5rhus Skytteudstyr&quot;,&quot;content&quot;:&quot;Br\\u00f8ndbakken 3,\\r\\n\\r\\n4000 Roskilde&quot;,&quot;lat&quot;:55.796267117204145,&quot;lng&quot;:12.209812383688071,&quot;link&quot;:&quot;https:\\\/\\\/skytteudstyr.dk\\\/&quot;,&quot;country&quot;:&quot;Denmark&quot;},{&quot;name&quot;:&quot;Chano Shooting&quot;,&quot;content&quot;:&quot;Calle Mar\\u00eda de Echarri, 18-20. 50018 Zaragoza&quot;,&quot;lat&quot;:41.66860035932229,&quot;lng&quot;:-0.8932718291264252,&quot;link&quot;:&quot;https:\\\/\\\/chanoshooting.com\\\/&quot;,&quot;country&quot;:&quot;Spain&quot;},{&quot;name&quot;:&quot;Rifle Shop Ennis&quot;,&quot;content&quot;:&quot;Miike Bld., 6-1, Ebisunishi 2-chome, Pr\\u00e4fektur Tokio Shibuya&quot;,&quot;lat&quot;:35.65169500199085,&quot;lng&quot;:139.70675533373299,&quot;link&quot;:&quot;https:\\\/\\\/www.rs-ennis.com&quot;,&quot;country&quot;:&quot;Japan&quot;},{&quot;name&quot;:&quot;Tobias Daum Schie\\u00dfsportzubeh\\u00f6r&quot;,&quot;content&quot;:&quot;Kettelerstra\\u00dfe 68,\\r\\n\\r\\n76863 Herxheim bei Landau\\u00a0&quot;,&quot;lat&quot;:49.14058744865834,&quot;lng&quot;:8.21460762020085,&quot;link&quot;:&quot;https:\\\/\\\/www.daum-schiesssport.de\\\/&quot;,&quot;country&quot;:&quot;Germany&quot;},{&quot;name&quot;:&quot;Schie\\u00df-Sport-Center Allermann&quot;,&quot;content&quot;:&quot;Alter Weg 61,\\r\\n\\r\\n28870 Ottersberg&quot;,&quot;lat&quot;:53.108477594496925,&quot;lng&quot;:9.152876820347158,&quot;link&quot;:&quot;https:\\\/\\\/www.allermann.de\\\/&quot;,&quot;country&quot;:&quot;Germany&quot;},{&quot;name&quot;:&quot;Sportsch\\u00fctzenbedarf Wieser&quot;,&quot;content&quot;:&quot;Enzianweg 3,\\r\\n\\r\\n94437 Mamming&quot;,&quot;lat&quot;:48.65411210880398,&quot;lng&quot;:12.609045421382977,&quot;link&quot;:&quot;http:\\\/\\\/www.wieser-schuetzenbedarf.de\\\/&quot;,&quot;country&quot;:&quot;Germany&quot;},{&quot;name&quot;:&quot;RS Schie\\u00dfsport&quot;,&quot;content&quot;:&quot;Kirchstra\\u00dfe 6,\\r\\n\\r\\n49757 Lahn&quot;,&quot;lat&quot;:52.817327105659714,&quot;lng&quot;:7.617773196398146,&quot;link&quot;:&quot;https:\\\/\\\/www.rs-schiesssport.de\\\/&quot;,&quot;country&quot;:&quot;Germany&quot;},{&quot;name&quot;:&quot;Fr\\u00f6wis&quot;,&quot;content&quot;:&quot;Studa 12,\\r\\n\\r\\n6800 Feldkirch&quot;,&quot;lat&quot;:47.26831161403023,&quot;lng&quot;:9.605383426881406,&quot;link&quot;:&quot;https:\\\/\\\/www.froewis.co.at\\\/&quot;,&quot;country&quot;:&quot;Austria&quot;},{&quot;name&quot;:&quot;Chiemsee Shooting&quot;,&quot;content&quot;:&quot;Mairhausenstra\\u00dfe 18,\\r\\n\\r\\n83233 Bernau am Chiemsee&quot;,&quot;lat&quot;:47.80977052881974,&quot;lng&quot;:12.37715510176294,&quot;link&quot;:&quot;https:\\\/\\\/www.chiemsee-shooting.de\\\/&quot;,&quot;country&quot;:&quot;Germany&quot;},{&quot;name&quot;:&quot;Schie\\u00dfsport Buinger&quot;,&quot;content&quot;:&quot;Krumme Gwand 2,\\r\\n\\r\\n86753 M\\u00f6ttingen&quot;,&quot;lat&quot;:48.8078315523155,&quot;lng&quot;:10.591477577860186,&quot;link&quot;:&quot;https:\\\/\\\/buinger.com\\\/&quot;,&quot;country&quot;:&quot;Germany&quot;},{&quot;name&quot;:&quot;Schie\\u00dfsport Breuberg&quot;,&quot;content&quot;:&quot;Rosenbach 11,\\r\\n\\r\\n64747 Breuberg&quot;,&quot;lat&quot;:49.82216225206517,&quot;lng&quot;:9.04758801532778,&quot;link&quot;:&quot;https:\\\/\\\/schiess-sport-breuberg.de\\\/&quot;,&quot;country&quot;:&quot;Germany&quot;},{&quot;name&quot;:&quot;Oberle Enterprises LLC&quot;,&quot;content&quot;:&quot;20010 State Hwy 17,\\r\\n\\r\\nFletcher Oklahoma 73541&quot;,&quot;lat&quot;:34.754648539794026,&quot;lng&quot;:-98.15408500232988,&quot;link&quot;:&quot;https:\\\/\\\/oberleenterprises.com\\\/&quot;,&quot;country&quot;:&quot;USA&quot;},{&quot;name&quot;:&quot;RB Shooting&quot;,&quot;content&quot;:&quot;Goldenbergstra\\u00dfe 1,\\r\\n\\r\\n50354 H\\u00fcrth&quot;,&quot;lat&quot;:50.86228023813841,&quot;lng&quot;:6.844416657510939,&quot;link&quot;:&quot;https:\\\/\\\/www.rb-shooting.com\\\/&quot;,&quot;country&quot;:&quot;Germany&quot;}]'><\/div>\n\n    <script src=\"https:\/\/unpkg.com\/leaflet\/dist\/leaflet.js\"><\/script>\n\n    <script>\n    setTimeout(function() {\n\n        try {\n\n            if (typeof L === \"undefined\") return;\n\n            var rawEl = document.getElementById(\"dealer-data\");\n            if (!rawEl) return;\n\n            var raw = rawEl.getAttribute(\"data-dealers\");\n            if (!raw) return;\n\n            var dealers = JSON.parse(raw);\n\n            var map = L.map('map').setView([20, 0], 2);\n\n            L.tileLayer('https:\/\/{s}.tile.openstreetmap.org\/{z}\/{x}\/{y}.png', {\n                attribution: '&copy; OpenStreetMap'\n            }).addTo(map);\n\n            var grouped = {};\n\n            dealers.forEach(function(d) {\n                var country = d.country || \"Other\";\n                if (!grouped[country]) grouped[country] = [];\n                grouped[country].push(d);\n            });\n\n            var list = document.getElementById(\"dealer-list\");\n\n            list.style.display = \"grid\";\n            list.style.gridTemplateColumns = \"repeat(auto-fit, minmax(250px, 1fr))\";\n            list.style.gap = \"15px\";\n\n            var countries = Object.keys(grouped).sort(function(a, b) {\n                return a.localeCompare(b);\n            });\n\n            countries.forEach(function(country) {\n\n                grouped[country].sort(function(a, b) {\n                    return a.name.localeCompare(b.name);\n                });\n\n                var section = document.createElement(\"div\");\n\n                section.style.border = \"1px solid #eee\";\n                section.style.borderRadius = \"10px\";\n                section.style.background = \"#fff\";\n                section.style.boxShadow = \"0 2px 6px rgba(0,0,0,0.05)\";\n                section.style.padding = \"10px\";\n\n                var header = document.createElement(\"div\");\n\n                header.style.cursor = \"pointer\";\n                header.style.padding = \"10px\";\n                header.style.display = \"flex\";\n                header.style.justifyContent = \"space-between\";\n                header.style.alignItems = \"center\";\n\n                header.innerHTML =\n                    \"<span class='country-label' style='color:#000; font-weight:bold'>\" + country + \"<\/span>\" +\n                    \"<span style='color:#0066cc; font-size:18px;'>\u25be<\/span>\";\n\n                var container = document.createElement(\"div\");\n                container.style.display = \"none\";\n\n                header.onclick = function() {\n                    var label = header.querySelector(\".country-label\");\n\n                    if (container.style.display === \"none\") {\n                        container.style.display = \"block\";\n                        label.style.color = \"#0066cc\";\n                    } else {\n                        container.style.display = \"none\";\n                        label.style.color = \"#000\";\n                    }\n                };\n\n                grouped[country].forEach(function(d) {\n\n                    if (!d.lat || !d.lng) return;\n\n                    var marker = L.marker([d.lat, d.lng]).addTo(map);\n\n                    marker.bindPopup(\n                        \"<strong style='color:#0066cc'>\" + d.name + \"<\/strong><br>\" +\n                        d.content + \"<br>\" +\n                        (d.link ? \"<a href='\" + d.link + \"' target='_blank'>Website<\/a>\" : \"\")\n                    );\n\n                    var card = document.createElement(\"div\");\n\n                    card.style.border = \"1px solid #eee\";\n                    card.style.borderRadius = \"10px\";\n                    card.style.padding = \"10px\";\n                    card.style.marginTop = \"8px\";\n                    card.style.cursor = \"pointer\";\n\n                    card.innerHTML =\n                        \"<strong>\" + d.name + \"<\/strong><br>\" +\n                        \"<small>\" + d.content + \"<\/small>\" +\n                        (d.link ? \"<br><a href='\" + d.link + \"' target='_blank' style='color:#0066cc; font-size:13px;'>Website \u2192<\/a>\" : \"\");\n\n                    card.onclick = (function(lat, lng, markerRef) {\n                        return function() {\n                            map.setView([lat, lng], 12);\n                            markerRef.openPopup();\n                        };\n                    })(d.lat, d.lng, marker);\n\n                    container.appendChild(card);\n                });\n\n                section.appendChild(header);\n                section.appendChild(container);\n                list.appendChild(section);\n            });\n\n        } catch(e) {\n            console.error(\"MAP ERROR\", e);\n        }\n\n    }, 300);\n    <\/script>\n\n    \n\n\n\n<div style=\"height:31px\" aria-hidden=\"true\" class=\"wp-block-spacer\"><\/div>\n\n\n\n<h2 class=\"wp-block-heading\">Sie m\u00f6chten MESHPRO H\u00e4ndler werden?<\/h2>\n\n\n<style>.wp-block-kadence-advancedbtn.kb-btns4733_563162-54{gap:var(--global-kb-gap-xs, 0.5rem );justify-content:flex-start;align-items:center;}.kt-btns4733_563162-54 .kt-button{font-weight:normal;font-style:normal;}.kt-btns4733_563162-54 .kt-btn-wrap-0{margin-right:5px;}.wp-block-kadence-advancedbtn.kt-btns4733_563162-54 .kt-btn-wrap-0 .kt-button{color:#555555;border-color:#555555;}.wp-block-kadence-advancedbtn.kt-btns4733_563162-54 .kt-btn-wrap-0 .kt-button:hover, .wp-block-kadence-advancedbtn.kt-btns4733_563162-54 .kt-btn-wrap-0 .kt-button:focus{color:#ffffff;border-color:#444444;}.wp-block-kadence-advancedbtn.kt-btns4733_563162-54 .kt-btn-wrap-0 .kt-button::before{display:none;}.wp-block-kadence-advancedbtn.kt-btns4733_563162-54 .kt-btn-wrap-0 .kt-button:hover, .wp-block-kadence-advancedbtn.kt-btns4733_563162-54 .kt-btn-wrap-0 .kt-button:focus{background:#444444;}<\/style>\n<div class=\"wp-block-kadence-advancedbtn kb-buttons-wrap kb-btns4733_563162-54\"><style>ul.menu .wp-block-kadence-advancedbtn .kb-btn4733_795d23-76.kb-button{width:initial;}.wp-block-kadence-advancedbtn .kb-btn4733_795d23-76.kb-button{background:#0066cc;}.wp-block-kadence-advancedbtn .kb-btn4733_795d23-76.kb-button:hover, .wp-block-kadence-advancedbtn .kb-btn4733_795d23-76.kb-button:focus{background:rgba(0,0,0,0.89);}<\/style><a class=\"kb-button kt-button button kb-btn4733_795d23-76 kt-btn-size-large kt-btn-width-type-auto kb-btn-global-fill  kt-btn-has-text-true kt-btn-has-svg-false  wp-block-kadence-singlebtn\" href=\"https:\/\/meshpro.de\/kontakt\/\"><span class=\"kt-btn-inner-text\">Kontaktieren Sie uns!<\/span><\/a><\/div>\n\n\n\n<div style=\"height:31px\" aria-hidden=\"true\" class=\"wp-block-spacer\"><\/div>\n\n\n\n<figure class=\"wp-block-image alignfull size-full\"><img decoding=\"async\" width=\"2560\" height=\"533\" data-src=\"https:\/\/meshpro.de\/wp-content\/uploads\/2026\/02\/Kein-Titel-1920-x-400-px-1920-x-300-px-5760-x-1200-px-6-1-scaled.png\" alt=\"\" class=\"wp-image-4677 lazyload\" data-srcset=\"https:\/\/meshpro.de\/wp-content\/uploads\/2026\/02\/Kein-Titel-1920-x-400-px-1920-x-300-px-5760-x-1200-px-6-1-scaled.png 2560w, https:\/\/meshpro.de\/wp-content\/uploads\/2026\/02\/Kein-Titel-1920-x-400-px-1920-x-300-px-5760-x-1200-px-6-1-300x63.png 300w, https:\/\/meshpro.de\/wp-content\/uploads\/2026\/02\/Kein-Titel-1920-x-400-px-1920-x-300-px-5760-x-1200-px-6-1-1024x213.png 1024w, https:\/\/meshpro.de\/wp-content\/uploads\/2026\/02\/Kein-Titel-1920-x-400-px-1920-x-300-px-5760-x-1200-px-6-1-768x160.png 768w, https:\/\/meshpro.de\/wp-content\/uploads\/2026\/02\/Kein-Titel-1920-x-400-px-1920-x-300-px-5760-x-1200-px-6-1-1536x320.png 1536w, https:\/\/meshpro.de\/wp-content\/uploads\/2026\/02\/Kein-Titel-1920-x-400-px-1920-x-300-px-5760-x-1200-px-6-1-2048x427.png 2048w, https:\/\/meshpro.de\/wp-content\/uploads\/2026\/02\/Kein-Titel-1920-x-400-px-1920-x-300-px-5760-x-1200-px-6-1-18x4.png 18w, https:\/\/meshpro.de\/wp-content\/uploads\/2026\/02\/Kein-Titel-1920-x-400-px-1920-x-300-px-5760-x-1200-px-6-1-600x125.png 600w\" data-sizes=\"(max-width: 2560px) 100vw, 2560px\" src=\"data:image\/svg+xml;base64,PHN2ZyB3aWR0aD0iMSIgaGVpZ2h0PSIxIiB4bWxucz0iaHR0cDovL3d3dy53My5vcmcvMjAwMC9zdmciPjwvc3ZnPg==\" style=\"--smush-placeholder-width: 2560px; --smush-placeholder-aspect-ratio: 2560\/533;\" \/><\/figure>\n","protected":false},"excerpt":{"rendered":"<p>MESHPRO H\u00e4ndlerverzeichnis Unser globales H\u00e4ndlernetzwerk verbindet Sch\u00fctzen weltweit mit MESHPRO. Ob in Europa, Amerika oder dar\u00fcber hinaus \u2013 unsere Partner stehen f\u00fcr Qualit\u00e4t, Fachkompetenz und individuelle Beratung. Finden Sie den passenden H\u00e4ndler in Ihrer N\u00e4he und erleben Sie unsere Produkte direkt vor Ort. Sie m\u00f6chten MESHPRO H\u00e4ndler werden?<\/p>\n","protected":false},"author":2,"featured_media":0,"parent":0,"menu_order":0,"comment_status":"closed","ping_status":"closed","template":"","meta":{"_themeisle_gutenberg_block_has_review":false,"footnotes":""},"class_list":["post-4733","page","type-page","status-publish","hentry"],"_links":{"self":[{"href":"https:\/\/meshpro.de\/de\/wp-json\/wp\/v2\/pages\/4733","targetHints":{"allow":["GET"]}}],"collection":[{"href":"https:\/\/meshpro.de\/de\/wp-json\/wp\/v2\/pages"}],"about":[{"href":"https:\/\/meshpro.de\/de\/wp-json\/wp\/v2\/types\/page"}],"author":[{"embeddable":true,"href":"https:\/\/meshpro.de\/de\/wp-json\/wp\/v2\/users\/2"}],"replies":[{"embeddable":true,"href":"https:\/\/meshpro.de\/de\/wp-json\/wp\/v2\/comments?post=4733"}],"version-history":[{"count":23,"href":"https:\/\/meshpro.de\/de\/wp-json\/wp\/v2\/pages\/4733\/revisions"}],"predecessor-version":[{"id":4858,"href":"https:\/\/meshpro.de\/de\/wp-json\/wp\/v2\/pages\/4733\/revisions\/4858"}],"wp:attachment":[{"href":"https:\/\/meshpro.de\/de\/wp-json\/wp\/v2\/media?parent=4733"}],"curies":[{"name":"wp","href":"https:\/\/api.w.org\/{rel}","templated":true}]}}