{"id":4094,"date":"2025-02-20T15:34:34","date_gmt":"2025-02-20T15:34:34","guid":{"rendered":"https:\/\/meshpro.de\/?page_id=4094"},"modified":"2026-02-20T17:47:40","modified_gmt":"2026-02-20T17:47:40","slug":"meshpro-fuer-pistolen","status":"publish","type":"page","link":"https:\/\/meshpro.de\/de\/meshpro-fuer-pistolen\/","title":{"rendered":"MESHPRO f\u00fcr Pistolen"},"content":{"rendered":"\n<figure class=\"wp-block-video alignwide\" style=\"padding-top:var(--wp--preset--spacing--30);padding-bottom:var(--wp--preset--spacing--30)\"><video height=\"1080\" style=\"aspect-ratio: 1920 \/ 1080;\" width=\"1920\" autoplay loop muted src=\"https:\/\/meshpro.de\/wp-content\/uploads\/2025\/07\/MESHPRO-Video-Luftpistole-1.mp4\" playsinline><\/video><\/figure>\n\n\n\n<h2 class=\"wp-block-heading has-text-align-center has-black-color has-text-color has-large-font-size\">MESH<mark style=\"background-color:rgba(0, 0, 0, 0);color:#0066cc\" class=\"has-inline-color\">PRO<\/mark>-Griffe f\u00fcr Luft- und Sportpistolen<\/h2>\n\n\n<style>.kb-row-layout-id4094_8cd30a-4f > .kt-row-column-wrap{align-content:center;}:where(.kb-row-layout-id4094_8cd30a-4f > .kt-row-column-wrap) > .wp-block-kadence-column{justify-content:center;}.kb-row-layout-id4094_8cd30a-4f > .kt-row-column-wrap{column-gap:var(--global-kb-gap-md, 2rem);row-gap:var(--global-kb-gap-md, 2rem);max-width:1140px;padding-top:0px;padding-bottom:20px;grid-template-columns:repeat(2, minmax(0, 1fr));}.kb-row-layout-id4094_8cd30a-4f > .kt-row-layout-overlay{opacity:0.30;}@media all and (max-width: 1024px){.kb-row-layout-id4094_8cd30a-4f > .kt-row-column-wrap{grid-template-columns:repeat(2, minmax(0, 1fr));}}@media all and (max-width: 767px){.kb-row-layout-id4094_8cd30a-4f > .kt-row-column-wrap{grid-template-columns:minmax(0, 1fr);}}<\/style><div class=\"kb-row-layout-wrap kb-row-layout-id4094_8cd30a-4f alignwide wp-block-kadence-rowlayout\"><div class=\"kt-row-column-wrap kt-has-2-columns kt-row-layout-equal kt-tab-layout-inherit kt-mobile-layout-row kt-row-valign-middle kb-theme-content-width\">\n<style>.kadence-column4094_c524dc-e5 > .kt-inside-inner-col,.kadence-column4094_c524dc-e5 > .kt-inside-inner-col:before{border-top-left-radius:0px;border-top-right-radius:0px;border-bottom-right-radius:0px;border-bottom-left-radius:0px;}.kadence-column4094_c524dc-e5 > .kt-inside-inner-col{column-gap:var(--global-kb-gap-sm, 1rem);}.kadence-column4094_c524dc-e5 > .kt-inside-inner-col{flex-direction:column;}.kadence-column4094_c524dc-e5 > .kt-inside-inner-col > .aligncenter{width:100%;}.kadence-column4094_c524dc-e5 > .kt-inside-inner-col:before{opacity:0.3;}.kadence-column4094_c524dc-e5{position:relative;}@media all and (max-width: 1024px){.kadence-column4094_c524dc-e5 > .kt-inside-inner-col{flex-direction:column;justify-content:center;}}@media all and (max-width: 767px){.kadence-column4094_c524dc-e5 > .kt-inside-inner-col{flex-direction:column;justify-content:center;}}<\/style>\n<div class=\"wp-block-kadence-column kadence-column4094_c524dc-e5\"><div class=\"kt-inside-inner-col\">\n<p class=\"has-text-align-center has-black-color has-text-color has-link-color wp-elements-c7c71edadd7c4890c7ef8cbf800d66fa\"><strong>MESHPRO Pistolengriffe \u2013 Pr\u00e4zision, Komfort und Innovation<\/strong><\/p>\n\n\n\n<p class=\"has-text-align-center has-black-color has-text-color has-link-color wp-elements-ad5c24862c81136f47abfea2103ee427\">Die MESHPRO Pistolengriffe bieten die perfekte Kombination aus Ergonomie, Komfort und Pr\u00e4zision. Das innovative Mesh-Design sorgt f\u00fcr einen sicheren Halt und optimiert die Bel\u00fcftung, wodurch die Schwei\u00dfbildung w\u00e4hrend langer Trainingseinheiten und Wettbewerbe effektiv reduziert wird.<\/p>\n\n\n\n<p class=\"has-text-align-center has-black-color has-text-color has-link-color wp-elements-8ac40f615cf49c9deb279f9892fd1a65\">Diese Griffe haben das gleiche Gewicht wie traditionelle Holzgriffe und garantieren so eine optimale Waffenausbalancierung. Die Mesh-Struktur minimiert den Oberfl\u00e4chenkontakt und schafft gleichm\u00e4\u00dfig verteilte Druckpunkte, die f\u00fcr einen komfortablen und sicheren Halt sorgen. Selbst in intensiven Wettbewerbssituationen bietet der MESHPRO-Griff dauerhaften Komfort und gew\u00e4hrleistet ein zuverl\u00e4ssiges und angenehmes Schie\u00dferlebnis.<\/p>\n\n\n<style>.wp-block-kadence-advancedbtn.kb-btns4094_7fe327-38{gap:var(--global-kb-gap-xs, 0.5rem );justify-content:center;align-items:center;}.kt-btns4094_7fe327-38 .kt-button{font-weight:normal;font-style:normal;}.kt-btns4094_7fe327-38 .kt-btn-wrap-0{margin-right:5px;}.wp-block-kadence-advancedbtn.kt-btns4094_7fe327-38 .kt-btn-wrap-0 .kt-button{color:#555555;border-color:#555555;}.wp-block-kadence-advancedbtn.kt-btns4094_7fe327-38 .kt-btn-wrap-0 .kt-button:hover, .wp-block-kadence-advancedbtn.kt-btns4094_7fe327-38 .kt-btn-wrap-0 .kt-button:focus{color:#ffffff;border-color:#444444;}.wp-block-kadence-advancedbtn.kt-btns4094_7fe327-38 .kt-btn-wrap-0 .kt-button::before{display:none;}.wp-block-kadence-advancedbtn.kt-btns4094_7fe327-38 .kt-btn-wrap-0 .kt-button:hover, .wp-block-kadence-advancedbtn.kt-btns4094_7fe327-38 .kt-btn-wrap-0 .kt-button:focus{background:#444444;}<\/style>\n<div class=\"wp-block-kadence-advancedbtn kb-buttons-wrap kb-btns4094_7fe327-38\"><style>ul.menu .wp-block-kadence-advancedbtn .kb-btn4094_3dff94-d5.kb-button{width:initial;}.wp-block-kadence-advancedbtn .kb-btn4094_3dff94-d5.kb-button{color:#ffffff;background:#0066cc;}.wp-block-kadence-advancedbtn .kb-btn4094_3dff94-d5.kb-button:hover, .wp-block-kadence-advancedbtn .kb-btn4094_3dff94-d5.kb-button:focus{color:#ffffff;background:rgba(0,0,0,0.8);}<\/style><a class=\"kb-button kt-button button kb-btn4094_3dff94-d5 kt-btn-size-standard kt-btn-width-type-auto kb-btn-global-fill  kt-btn-has-text-true kt-btn-has-svg-false  wp-block-kadence-singlebtn\" href=\"https:\/\/meshpro.shop\/collections\/pistolengriffe\" target=\"_blank\" rel=\"noopener\"><span class=\"kt-btn-inner-text\">Zum Shop<\/span><\/a><\/div>\n<\/div><\/div>\n\n\n<style>.kadence-column4094_7f7fd1-72 > .kt-inside-inner-col,.kadence-column4094_7f7fd1-72 > .kt-inside-inner-col:before{border-top-left-radius:0px;border-top-right-radius:0px;border-bottom-right-radius:0px;border-bottom-left-radius:0px;}.kadence-column4094_7f7fd1-72 > .kt-inside-inner-col{column-gap:var(--global-kb-gap-sm, 1rem);}.kadence-column4094_7f7fd1-72 > .kt-inside-inner-col{flex-direction:column;}.kadence-column4094_7f7fd1-72 > .kt-inside-inner-col > .aligncenter{width:100%;}.kadence-column4094_7f7fd1-72 > .kt-inside-inner-col:before{opacity:0.3;}.kadence-column4094_7f7fd1-72{position:relative;}@media all and (max-width: 1024px){.kadence-column4094_7f7fd1-72 > .kt-inside-inner-col{flex-direction:column;justify-content:center;}}@media all and (max-width: 767px){.kadence-column4094_7f7fd1-72 > .kt-inside-inner-col{flex-direction:column;justify-content:center;}}<\/style>\n<div class=\"wp-block-kadence-column kadence-column4094_7f7fd1-72 inner-column-2\"><div class=\"kt-inside-inner-col\">\n<figure class=\"wp-block-image size-full\"><img decoding=\"async\" width=\"1500\" height=\"1500\" data-src=\"https:\/\/meshpro.de\/wp-content\/uploads\/2024\/07\/meshprop8x-3.png\" alt=\"MESHPRO Griff f\u00fcr Pistolen\n\" class=\"wp-image-3440 lazyload\" data-srcset=\"https:\/\/meshpro.de\/wp-content\/uploads\/2024\/07\/meshprop8x-3.png 1500w, https:\/\/meshpro.de\/wp-content\/uploads\/2024\/07\/meshprop8x-3-300x300.png 300w, https:\/\/meshpro.de\/wp-content\/uploads\/2024\/07\/meshprop8x-3-1024x1024.png 1024w, https:\/\/meshpro.de\/wp-content\/uploads\/2024\/07\/meshprop8x-3-150x150.png 150w, https:\/\/meshpro.de\/wp-content\/uploads\/2024\/07\/meshprop8x-3-768x768.png 768w, https:\/\/meshpro.de\/wp-content\/uploads\/2024\/07\/meshprop8x-3-12x12.png 12w, https:\/\/meshpro.de\/wp-content\/uploads\/2024\/07\/meshprop8x-3-600x600.png 600w, https:\/\/meshpro.de\/wp-content\/uploads\/2024\/07\/meshprop8x-3-100x100.png 100w\" data-sizes=\"(max-width: 1500px) 100vw, 1500px\" src=\"data:image\/svg+xml;base64,PHN2ZyB3aWR0aD0iMSIgaGVpZ2h0PSIxIiB4bWxucz0iaHR0cDovL3d3dy53My5vcmcvMjAwMC9zdmciPjwvc3ZnPg==\" style=\"--smush-placeholder-width: 1500px; --smush-placeholder-aspect-ratio: 1500\/1500;\" \/><\/figure>\n<\/div><\/div>\n\n<\/div><\/div>\n\n<style>.wp-block-kadence-spacer.kt-block-spacer-4094_6b8703-9e .kt-block-spacer{height:60px;}.wp-block-kadence-spacer.kt-block-spacer-4094_6b8703-9e .kt-divider{border-top-width:1px;height:1px;border-top-color:#eee;width:80%;border-top-style:solid;}<\/style>\n<div class=\"wp-block-kadence-spacer aligncenter kt-block-spacer-4094_6b8703-9e\"><div class=\"kt-block-spacer kt-block-spacer-halign-center\"><hr class=\"kt-divider\"\/><\/div><\/div>\n\n\n<style>.kb-row-layout-id4094_4fa672-bb > .kt-row-column-wrap{align-content:start;}:where(.kb-row-layout-id4094_4fa672-bb > .kt-row-column-wrap) > .wp-block-kadence-column{justify-content:start;}.kb-row-layout-id4094_4fa672-bb > .kt-row-column-wrap{column-gap:var(--global-kb-gap-md, 2rem);row-gap:var(--global-kb-gap-md, 2rem);padding-top:var(--global-kb-spacing-sm, 1.5rem);padding-bottom:var(--global-kb-spacing-sm, 1.5rem);grid-template-columns:minmax(0, 2fr) minmax(0, 1fr);}.kb-row-layout-id4094_4fa672-bb > .kt-row-layout-overlay{opacity:0.30;}@media all and (max-width: 1024px){.kb-row-layout-id4094_4fa672-bb > .kt-row-column-wrap{grid-template-columns:minmax(0, 2fr) minmax(0, 1fr);}}@media all and (max-width: 767px){.kb-row-layout-id4094_4fa672-bb > .kt-row-column-wrap{grid-template-columns:minmax(0, 1fr);}}<\/style><div class=\"kb-row-layout-wrap kb-row-layout-id4094_4fa672-bb alignwide wp-block-kadence-rowlayout\"><div class=\"kt-row-column-wrap kt-has-2-columns kt-row-layout-left-golden kt-tab-layout-inherit kt-mobile-layout-row kt-row-valign-top\">\n<style>.kadence-column4094_77bdff-9b > .kt-inside-inner-col,.kadence-column4094_77bdff-9b > .kt-inside-inner-col:before{border-top-left-radius:0px;border-top-right-radius:0px;border-bottom-right-radius:0px;border-bottom-left-radius:0px;}.kadence-column4094_77bdff-9b > .kt-inside-inner-col{column-gap:var(--global-kb-gap-sm, 1rem);}.kadence-column4094_77bdff-9b > .kt-inside-inner-col{flex-direction:column;}.kadence-column4094_77bdff-9b > .kt-inside-inner-col > .aligncenter{width:100%;}.kadence-column4094_77bdff-9b > .kt-inside-inner-col:before{opacity:0.3;}.kadence-column4094_77bdff-9b{position:relative;}@media all and (max-width: 1024px){.kadence-column4094_77bdff-9b > .kt-inside-inner-col{flex-direction:column;justify-content:center;}}@media all and (max-width: 767px){.kadence-column4094_77bdff-9b > .kt-inside-inner-col{flex-direction:column;justify-content:center;}}<\/style>\n<div class=\"wp-block-kadence-column kadence-column4094_77bdff-9b\"><div class=\"kt-inside-inner-col\"><style>.kb-image4094_cf3955-3b .kb-image-has-overlay:after{opacity:0.3;}<\/style>\n<figure class=\"wp-block-kadence-image kb-image4094_cf3955-3b size-large\"><img decoding=\"async\" width=\"1024\" height=\"683\" data-src=\"https:\/\/meshpro.de\/wp-content\/uploads\/2024\/12\/20240823_090931000_iOS-1-1024x683.jpg\" alt=\"MESHPRO Handscan\" class=\"kb-img wp-image-3780 lazyload\" data-srcset=\"https:\/\/meshpro.de\/wp-content\/uploads\/2024\/12\/20240823_090931000_iOS-1-1024x683.jpg 1024w, https:\/\/meshpro.de\/wp-content\/uploads\/2024\/12\/20240823_090931000_iOS-1-300x200.jpg 300w, https:\/\/meshpro.de\/wp-content\/uploads\/2024\/12\/20240823_090931000_iOS-1-768x512.jpg 768w, https:\/\/meshpro.de\/wp-content\/uploads\/2024\/12\/20240823_090931000_iOS-1-1536x1024.jpg 1536w, https:\/\/meshpro.de\/wp-content\/uploads\/2024\/12\/20240823_090931000_iOS-1-2048x1365.jpg 2048w, https:\/\/meshpro.de\/wp-content\/uploads\/2024\/12\/20240823_090931000_iOS-1-18x12.jpg 18w, https:\/\/meshpro.de\/wp-content\/uploads\/2024\/12\/20240823_090931000_iOS-1-600x400.jpg 600w\" data-sizes=\"(max-width: 1024px) 100vw, 1024px\" src=\"data:image\/svg+xml;base64,PHN2ZyB3aWR0aD0iMSIgaGVpZ2h0PSIxIiB4bWxucz0iaHR0cDovL3d3dy53My5vcmcvMjAwMC9zdmciPjwvc3ZnPg==\" style=\"--smush-placeholder-width: 1024px; --smush-placeholder-aspect-ratio: 1024\/683;\" \/><\/figure>\n<\/div><\/div>\n\n\n<style>.kadence-column4094_d4200d-67 > .kt-inside-inner-col{display:flex;}.kadence-column4094_d4200d-67 > .kt-inside-inner-col,.kadence-column4094_d4200d-67 > .kt-inside-inner-col:before{border-top-left-radius:0px;border-top-right-radius:0px;border-bottom-right-radius:0px;border-bottom-left-radius:0px;}.kadence-column4094_d4200d-67 > .kt-inside-inner-col{column-gap:var(--global-kb-gap-sm, 1rem);}.kadence-column4094_d4200d-67 > .kt-inside-inner-col{flex-direction:column;justify-content:center;}.kadence-column4094_d4200d-67 > .kt-inside-inner-col > .aligncenter{width:100%;}.kt-row-column-wrap > .kadence-column4094_d4200d-67{align-self:center;}.kt-inner-column-height-full:not(.kt-has-1-columns) > .wp-block-kadence-column.kadence-column4094_d4200d-67{align-self:auto;}.kt-inner-column-height-full:not(.kt-has-1-columns) > .wp-block-kadence-column.kadence-column4094_d4200d-67 > .kt-inside-inner-col{flex-direction:column;justify-content:center;}.kadence-column4094_d4200d-67 > .kt-inside-inner-col:before{opacity:0.3;}.kadence-column4094_d4200d-67{position:relative;}@media all and (max-width: 1024px){.kt-row-column-wrap > .kadence-column4094_d4200d-67{align-self:center;}}@media all and (max-width: 1024px){.kt-inner-column-height-full:not(.kt-has-1-columns) > .wp-block-kadence-column.kadence-column4094_d4200d-67{align-self:auto;}}@media all and (max-width: 1024px){.kt-inner-column-height-full:not(.kt-has-1-columns) > .wp-block-kadence-column.kadence-column4094_d4200d-67 > .kt-inside-inner-col{flex-direction:column;justify-content:center;}}@media all and (max-width: 1024px){.kadence-column4094_d4200d-67 > .kt-inside-inner-col{flex-direction:column;justify-content:center;}}@media all and (max-width: 767px){.kt-row-column-wrap > .kadence-column4094_d4200d-67{align-self:center;}.kt-inner-column-height-full:not(.kt-has-1-columns) > .wp-block-kadence-column.kadence-column4094_d4200d-67{align-self:auto;}.kt-inner-column-height-full:not(.kt-has-1-columns) > .wp-block-kadence-column.kadence-column4094_d4200d-67 > .kt-inside-inner-col{flex-direction:column;justify-content:center;}.kadence-column4094_d4200d-67 > .kt-inside-inner-col{flex-direction:column;justify-content:center;}}<\/style>\n<div class=\"wp-block-kadence-column kadence-column4094_d4200d-67\"><div class=\"kt-inside-inner-col\">\n<h2 class=\"wp-block-heading has-text-align-center has-black-color has-text-color has-link-color wp-elements-96a9c5fd296a4c6dcbe0efc7fff7fc0e\">Ma\u00dfgriffe<\/h2>\n\n\n\n<p class=\"has-text-align-center has-black-color has-text-color has-link-color wp-elements-927ad268cc09204fc183bbc0734035df\">Einfach und bequem von Zuhause aus einen Ma\u00dfgriff erstellen: Der&nbsp;<a href=\"http:\/\/www.meshpro.de\/custom\">Griff-Konfigurator&nbsp;<\/a>stellt eine weitere bahnbrechende Entwicklung dar, mit der wir nun die Individualisierung von Sportwaffengriffen auf ein neues Level bringen. Unser revolution\u00e4res Tool erm\u00f6glicht es Ihnen, so einfach und schnell wie nie zuvor einen Griff nach Ihren Vorstellungen und mit endlosen Anpassungsm\u00f6glichkeiten selbst zu erstellen.<\/p>\n\n\n<style>.wp-block-kadence-advancedbtn.kb-btns4094_0063ba-8b{gap:var(--global-kb-gap-xs, 0.5rem );justify-content:center;align-items:center;}.kt-btns4094_0063ba-8b .kt-button{font-weight:normal;font-style:normal;}.kt-btns4094_0063ba-8b .kt-btn-wrap-0{margin-right:5px;}.wp-block-kadence-advancedbtn.kt-btns4094_0063ba-8b .kt-btn-wrap-0 .kt-button{color:#555555;border-color:#555555;}.wp-block-kadence-advancedbtn.kt-btns4094_0063ba-8b .kt-btn-wrap-0 .kt-button:hover, .wp-block-kadence-advancedbtn.kt-btns4094_0063ba-8b .kt-btn-wrap-0 .kt-button:focus{color:#ffffff;border-color:#444444;}.wp-block-kadence-advancedbtn.kt-btns4094_0063ba-8b .kt-btn-wrap-0 .kt-button::before{display:none;}.wp-block-kadence-advancedbtn.kt-btns4094_0063ba-8b .kt-btn-wrap-0 .kt-button:hover, .wp-block-kadence-advancedbtn.kt-btns4094_0063ba-8b .kt-btn-wrap-0 .kt-button:focus{background:#444444;}<\/style>\n<div class=\"wp-block-kadence-advancedbtn kb-buttons-wrap kb-btns4094_0063ba-8b\"><style>ul.menu .wp-block-kadence-advancedbtn .kb-btn4094_a05c94-ee.kb-button{width:initial;}.wp-block-kadence-advancedbtn .kb-btn4094_a05c94-ee.kb-button{color:#ffffff;background:#0066cc;}.wp-block-kadence-advancedbtn .kb-btn4094_a05c94-ee.kb-button:hover, .wp-block-kadence-advancedbtn .kb-btn4094_a05c94-ee.kb-button:focus{background:rgba(0,0,0,0.8);}<\/style><a class=\"kb-button kt-button button kb-btn4094_a05c94-ee kt-btn-size-standard kt-btn-width-type-auto kb-btn-global-fill  kt-btn-has-text-true kt-btn-has-svg-false  wp-block-kadence-singlebtn\" href=\"https:\/\/meshpro.de\/de\/formgriffe\/\"><span class=\"kt-btn-inner-text\">Mehr erfahren<\/span><\/a><\/div>\n<\/div><\/div>\n\n<\/div><\/div>\n\n\n<div style=\"height:100px\" aria-hidden=\"true\" class=\"wp-block-spacer\"><\/div>\n\n\n\n<figure class=\"wp-block-image alignfull size-full\"><a href=\"https:\/\/meshpro.de\"><img decoding=\"async\" width=\"2560\" height=\"533\" data-src=\"https:\/\/meshpro.de\/wp-content\/uploads\/2026\/02\/Kein-Titel-1920-x-400-px-1920-x-300-px-5760-x-1200-px-5-scaled.png\" alt=\"\" class=\"wp-image-4657 lazyload\" data-srcset=\"https:\/\/meshpro.de\/wp-content\/uploads\/2026\/02\/Kein-Titel-1920-x-400-px-1920-x-300-px-5760-x-1200-px-5-scaled.png 2560w, https:\/\/meshpro.de\/wp-content\/uploads\/2026\/02\/Kein-Titel-1920-x-400-px-1920-x-300-px-5760-x-1200-px-5-300x63.png 300w, https:\/\/meshpro.de\/wp-content\/uploads\/2026\/02\/Kein-Titel-1920-x-400-px-1920-x-300-px-5760-x-1200-px-5-1024x213.png 1024w, https:\/\/meshpro.de\/wp-content\/uploads\/2026\/02\/Kein-Titel-1920-x-400-px-1920-x-300-px-5760-x-1200-px-5-768x160.png 768w, https:\/\/meshpro.de\/wp-content\/uploads\/2026\/02\/Kein-Titel-1920-x-400-px-1920-x-300-px-5760-x-1200-px-5-1536x320.png 1536w, https:\/\/meshpro.de\/wp-content\/uploads\/2026\/02\/Kein-Titel-1920-x-400-px-1920-x-300-px-5760-x-1200-px-5-2048x427.png 2048w, https:\/\/meshpro.de\/wp-content\/uploads\/2026\/02\/Kein-Titel-1920-x-400-px-1920-x-300-px-5760-x-1200-px-5-18x4.png 18w, https:\/\/meshpro.de\/wp-content\/uploads\/2026\/02\/Kein-Titel-1920-x-400-px-1920-x-300-px-5760-x-1200-px-5-600x125.png 600w\" data-sizes=\"(max-width: 2560px) 100vw, 2560px\" src=\"data:image\/svg+xml;base64,PHN2ZyB3aWR0aD0iMSIgaGVpZ2h0PSIxIiB4bWxucz0iaHR0cDovL3d3dy53My5vcmcvMjAwMC9zdmciPjwvc3ZnPg==\" style=\"--smush-placeholder-width: 2560px; --smush-placeholder-aspect-ratio: 2560\/533;\" \/><\/a><\/figure>\n","protected":false},"excerpt":{"rendered":"<p>MESHPRO-Griffe f\u00fcr Luft- und Sportpistolen MESHPRO Pistolengriffe \u2013 Pr\u00e4zision, Komfort und Innovation Die MESHPRO Pistolengriffe bieten die perfekte Kombination aus Ergonomie, Komfort und Pr\u00e4zision. Das innovative Mesh-Design sorgt f\u00fcr einen sicheren Halt und optimiert die Bel\u00fcftung, wodurch die Schwei\u00dfbildung w\u00e4hrend langer Trainingseinheiten und Wettbewerbe effektiv reduziert wird. Diese Griffe haben das gleiche Gewicht wie traditionelle &hellip;<\/p>\n","protected":false},"author":2,"featured_media":0,"parent":0,"menu_order":0,"comment_status":"closed","ping_status":"closed","template":"","meta":{"_themeisle_gutenberg_block_has_review":false,"footnotes":""},"class_list":["post-4094","page","type-page","status-publish","hentry"],"_links":{"self":[{"href":"https:\/\/meshpro.de\/de\/wp-json\/wp\/v2\/pages\/4094","targetHints":{"allow":["GET"]}}],"collection":[{"href":"https:\/\/meshpro.de\/de\/wp-json\/wp\/v2\/pages"}],"about":[{"href":"https:\/\/meshpro.de\/de\/wp-json\/wp\/v2\/types\/page"}],"author":[{"embeddable":true,"href":"https:\/\/meshpro.de\/de\/wp-json\/wp\/v2\/users\/2"}],"replies":[{"embeddable":true,"href":"https:\/\/meshpro.de\/de\/wp-json\/wp\/v2\/comments?post=4094"}],"version-history":[{"count":22,"href":"https:\/\/meshpro.de\/de\/wp-json\/wp\/v2\/pages\/4094\/revisions"}],"predecessor-version":[{"id":4673,"href":"https:\/\/meshpro.de\/de\/wp-json\/wp\/v2\/pages\/4094\/revisions\/4673"}],"wp:attachment":[{"href":"https:\/\/meshpro.de\/de\/wp-json\/wp\/v2\/media?parent=4094"}],"curies":[{"name":"wp","href":"https:\/\/api.w.org\/{rel}","templated":true}]}}