{"id":38,"date":"2021-10-04T18:43:06","date_gmt":"2021-10-04T18:43:06","guid":{"rendered":"https:\/\/meshpro.de\/?page_id=38"},"modified":"2026-02-20T17:14:31","modified_gmt":"2026-02-20T17:14:31","slug":"kontakt","status":"publish","type":"page","link":"https:\/\/meshpro.de\/de\/kontakt\/","title":{"rendered":"Kontakt"},"content":{"rendered":"\n<div class=\"wp-block-cover alignfull has-custom-content-position is-position-bottom-center has-white-color has-text-color has-link-color wp-elements-71b9db9d8b97ff50907789b4031a545a wp-duotone-unset-2\" style=\"padding-top:0;padding-bottom:0;min-height:396px;aspect-ratio:unset;\"><img decoding=\"async\" width=\"2400\" height=\"1000\" class=\"wp-block-cover__image-background wp-image-4419 size-full lazyload\" alt=\"\" data-src=\"https:\/\/meshpro.de\/wp-content\/uploads\/2025\/11\/Test-Banner-Photoroom-2.png\" style=\"--smush-placeholder-width: 2400px; --smush-placeholder-aspect-ratio: 2400\/1000;object-position:40% 18%\" data-object-fit=\"cover\" data-object-position=\"40% 18%\" data-srcset=\"https:\/\/meshpro.de\/wp-content\/uploads\/2025\/11\/Test-Banner-Photoroom-2.png 2400w, https:\/\/meshpro.de\/wp-content\/uploads\/2025\/11\/Test-Banner-Photoroom-2-300x125.png 300w, https:\/\/meshpro.de\/wp-content\/uploads\/2025\/11\/Test-Banner-Photoroom-2-1024x427.png 1024w, https:\/\/meshpro.de\/wp-content\/uploads\/2025\/11\/Test-Banner-Photoroom-2-768x320.png 768w, https:\/\/meshpro.de\/wp-content\/uploads\/2025\/11\/Test-Banner-Photoroom-2-1536x640.png 1536w, https:\/\/meshpro.de\/wp-content\/uploads\/2025\/11\/Test-Banner-Photoroom-2-2048x853.png 2048w, https:\/\/meshpro.de\/wp-content\/uploads\/2025\/11\/Test-Banner-Photoroom-2-18x8.png 18w, https:\/\/meshpro.de\/wp-content\/uploads\/2025\/11\/Test-Banner-Photoroom-2-600x250.png 600w\" data-sizes=\"(max-width: 2400px) 100vw, 2400px\" src=\"data:image\/svg+xml;base64,PHN2ZyB3aWR0aD0iMSIgaGVpZ2h0PSIxIiB4bWxucz0iaHR0cDovL3d3dy53My5vcmcvMjAwMC9zdmciPjwvc3ZnPg==\" \/><span aria-hidden=\"true\" class=\"wp-block-cover__background has-background-dim-100 has-background-dim wp-block-cover__gradient-background has-background-gradient\" style=\"background:linear-gradient(1deg,rgb(0,0,0) 20%,rgba(251,251,251,0) 84%)\"><\/span><div class=\"wp-block-cover__inner-container is-layout-constrained wp-block-cover-is-layout-constrained\">\n<p class=\"has-text-align-center\" style=\"font-size:40px;text-transform:uppercase\">Kontakt<\/p>\n<\/div><\/div>\n\n\n<style>.kb-row-layout-id38_b913ee-9b > .kt-row-column-wrap{align-content:center;}:where(.kb-row-layout-id38_b913ee-9b > .kt-row-column-wrap) > .wp-block-kadence-column{justify-content:center;}.kb-row-layout-id38_b913ee-9b > .kt-row-column-wrap{column-gap:var(--global-kb-gap-lg, 4rem);row-gap:var(--global-kb-gap-md, 2rem);max-width:1140px;padding-top:80px;padding-bottom:80px;grid-template-columns:minmax(0, calc(54.1% - ((var(--global-kb-gap-lg, 4rem) * 1 )\/2)))minmax(0, calc(45.9% - ((var(--global-kb-gap-lg, 4rem) * 1 )\/2)));}.kb-row-layout-id38_b913ee-9b > .kt-row-layout-overlay{opacity:0.30;}@media all and (max-width: 1024px){.kb-row-layout-id38_b913ee-9b > .kt-row-column-wrap{grid-template-columns:minmax(0, 1fr) minmax(0, 2fr);}}@media all and (max-width: 767px){.kb-row-layout-id38_b913ee-9b > .kt-row-column-wrap{grid-template-columns:minmax(0, 1fr);}}<\/style><div class=\"kb-row-layout-wrap kb-row-layout-id38_b913ee-9b aligncenter wp-block-kadence-rowlayout\"><div class=\"kt-row-column-wrap kt-has-2-columns kt-row-layout-right-golden kt-tab-layout-inherit kt-mobile-layout-row kt-row-valign-middle kb-theme-content-width\">\n<style>.kadence-column38_382cdd-58 > .kt-inside-inner-col,.kadence-column38_382cdd-58 > .kt-inside-inner-col:before{border-top-left-radius:0px;border-top-right-radius:0px;border-bottom-right-radius:0px;border-bottom-left-radius:0px;}.kadence-column38_382cdd-58 > .kt-inside-inner-col{column-gap:var(--global-kb-gap-sm, 1rem);}.kadence-column38_382cdd-58 > .kt-inside-inner-col{flex-direction:column;}.kadence-column38_382cdd-58 > .kt-inside-inner-col > .aligncenter{width:100%;}.kadence-column38_382cdd-58 > .kt-inside-inner-col:before{opacity:0.3;}.kadence-column38_382cdd-58{position:relative;}@media all and (max-width: 1024px){.kadence-column38_382cdd-58 > .kt-inside-inner-col{flex-direction:column;justify-content:center;}}@media all and (max-width: 767px){.kadence-column38_382cdd-58 > .kt-inside-inner-col{flex-direction:column;justify-content:center;}}<\/style>\n<div class=\"wp-block-kadence-column kadence-column38_382cdd-58 inner-column-1\"><div class=\"kt-inside-inner-col\">\n<h2 class=\"wp-block-heading has-black-color has-text-color has-link-color wp-elements-e45507edb5151e3d1ee41f1792ae5d92\">Kontaktieren Sie uns!<\/h2>\n\n\n\n<p class=\"has-black-color has-text-color has-link-color wp-elements-e671be65ec6d4578a8e2c8dd28b0de08\">Nutzen Sie unser Kontaktformular f\u00fcr Ihre individuelle Anfrage \u2013 wir setzen uns zeitnah pers\u00f6nlich mit Ihnen in Verbindung.<\/p>\n\n\n\n<figure class=\"wp-block-image size-large\"><img decoding=\"async\" width=\"1024\" height=\"683\" data-src=\"https:\/\/meshpro.de\/wp-content\/uploads\/2024\/12\/20240826_181322000_iOS_Nero-AI_Photo_Face-1024x683.jpeg\" alt=\"Das MESHPRO Team freut sich auf Ihre Kontaktanfrage\n\" class=\"wp-image-3840 lazyload\" data-srcset=\"https:\/\/meshpro.de\/wp-content\/uploads\/2024\/12\/20240826_181322000_iOS_Nero-AI_Photo_Face-1024x683.jpeg 1024w, https:\/\/meshpro.de\/wp-content\/uploads\/2024\/12\/20240826_181322000_iOS_Nero-AI_Photo_Face-300x200.jpeg 300w, https:\/\/meshpro.de\/wp-content\/uploads\/2024\/12\/20240826_181322000_iOS_Nero-AI_Photo_Face-768x512.jpeg 768w, https:\/\/meshpro.de\/wp-content\/uploads\/2024\/12\/20240826_181322000_iOS_Nero-AI_Photo_Face-1536x1025.jpeg 1536w, https:\/\/meshpro.de\/wp-content\/uploads\/2024\/12\/20240826_181322000_iOS_Nero-AI_Photo_Face-2048x1366.jpeg 2048w, https:\/\/meshpro.de\/wp-content\/uploads\/2024\/12\/20240826_181322000_iOS_Nero-AI_Photo_Face-18x12.jpeg 18w, https:\/\/meshpro.de\/wp-content\/uploads\/2024\/12\/20240826_181322000_iOS_Nero-AI_Photo_Face-600x400.jpeg 600w\" data-sizes=\"(max-width: 1024px) 100vw, 1024px\" src=\"data:image\/svg+xml;base64,PHN2ZyB3aWR0aD0iMSIgaGVpZ2h0PSIxIiB4bWxucz0iaHR0cDovL3d3dy53My5vcmcvMjAwMC9zdmciPjwvc3ZnPg==\" style=\"--smush-placeholder-width: 1024px; --smush-placeholder-aspect-ratio: 1024\/683;\" \/><\/figure>\n\n\n\n<div style=\"height:100px\" aria-hidden=\"true\" class=\"wp-block-spacer\"><\/div>\n<\/div><\/div>\n\n\n<style>.kadence-column38_437c54-e5 > .kt-inside-inner-col,.kadence-column38_437c54-e5 > .kt-inside-inner-col:before{border-top-left-radius:0px;border-top-right-radius:0px;border-bottom-right-radius:0px;border-bottom-left-radius:0px;}.kadence-column38_437c54-e5 > .kt-inside-inner-col{column-gap:var(--global-kb-gap-sm, 1rem);}.kadence-column38_437c54-e5 > .kt-inside-inner-col{flex-direction:column;}.kadence-column38_437c54-e5 > .kt-inside-inner-col > .aligncenter{width:100%;}.kadence-column38_437c54-e5 > .kt-inside-inner-col:before{opacity:0.3;}.kadence-column38_437c54-e5{position:relative;}@media all and (max-width: 1024px){.kadence-column38_437c54-e5 > .kt-inside-inner-col{flex-direction:column;justify-content:center;}}@media all and (max-width: 767px){.kadence-column38_437c54-e5 > .kt-inside-inner-col{flex-direction:column;justify-content:center;}}<\/style>\n<div class=\"wp-block-kadence-column kadence-column38_437c54-e5 kb-section-dir-vertical inner-column-2\"><div class=\"kt-inside-inner-col\"><div class=\"wp-block-image\">\n<figure class=\"aligncenter size-large is-resized\"><img decoding=\"async\" width=\"1024\" height=\"256\" data-src=\"https:\/\/meshpro.de\/wp-content\/uploads\/2025\/08\/Design-ohne-Titel-1-2-1024x256.png\" alt=\"\" class=\"wp-image-4230 lazyload\" style=\"--smush-placeholder-width: 1024px; --smush-placeholder-aspect-ratio: 1024\/256;width:220px;height:auto\" data-srcset=\"https:\/\/meshpro.de\/wp-content\/uploads\/2025\/08\/Design-ohne-Titel-1-2-1024x256.png 1024w, https:\/\/meshpro.de\/wp-content\/uploads\/2025\/08\/Design-ohne-Titel-1-2-300x75.png 300w, https:\/\/meshpro.de\/wp-content\/uploads\/2025\/08\/Design-ohne-Titel-1-2-768x192.png 768w, https:\/\/meshpro.de\/wp-content\/uploads\/2025\/08\/Design-ohne-Titel-1-2-18x5.png 18w, https:\/\/meshpro.de\/wp-content\/uploads\/2025\/08\/Design-ohne-Titel-1-2-600x150.png 600w, https:\/\/meshpro.de\/wp-content\/uploads\/2025\/08\/Design-ohne-Titel-1-2.png 1200w\" data-sizes=\"(max-width: 1024px) 100vw, 1024px\" src=\"data:image\/svg+xml;base64,PHN2ZyB3aWR0aD0iMSIgaGVpZ2h0PSIxIiB4bWxucz0iaHR0cDovL3d3dy53My5vcmcvMjAwMC9zdmciPjwvc3ZnPg==\" \/><\/figure>\n<\/div>\n\n<style>.kadence-form-38_92c288-01 .kb-form .kadence-blocks-form-field .kb-text-style-field, .kadence-form-38_92c288-01 .kb-form .kadence-blocks-form-field .kb-select-style-field{border-width:1px 1px 1px 1px;background:var(--global-palette7, #EDF2F7);border-color:var(--global-palette7, #EDF2F7);}.kadence-form-38_92c288-01 .kb-form .kadence-blocks-form-field .kb-text-style-field:focus, .kadence-form-38_92c288-01 .kb-form .kadence-blocks-form-field .kb-select-style-field:focus{border-color:var(--global-palette8, #F7FAFC);background:var(--global-palette8, #F7FAFC);}.kadence-form-38_92c288-01 .kb-form .kadence-blocks-form-field .kb-text-style-field{padding-top:12px;padding-right:18px;padding-bottom:12px;padding-left:18px;}.kadence-form-38_92c288-01 .kb-form .kadence-blocks-form-field .kb-forms-submit{border-radius:5px;border-width:0px 0px 0px 0px;background:#0066cc;}.kadence-form-38_92c288-01 .kb-form .kadence-blocks-form-field .kb-forms-submit:hover, .kadence-form-38_92c288-01 .kb-form .kadence-blocks-form-field .kb-forms-submit:focus {background:var(--global-palette2, #2B6CB0);}.kb-form input.kadence-blocks-field.verify{opacity:0.0;position:absolute;top:0.0;left:0.0;width:0.0;height:0.0;z-index:-1;}<\/style>\n<div class=\"wp-block-kadence-form kadence-form-38_92c288-01 kb-form-wrap kb-form-align-center\"><form class=\"kb-form\" action=\"\" method=\"post\" data-error-message=\"Bitte alle Felder ausf\u00fcllen\"><input type=\"hidden\" name=\"kb_field_0\" value=\"\"\/><div class=\"kadence-blocks-form-field kb-form-field-1 kb-field-desk-width-100 kb-input-size-custom\"><input name=\"kb_field_1\" id=\"kb_field_38_92c288-01_1\" data-label=\"Email\" type=\"email\" placeholder=\"Email*\" value=\"\" data-type=\"email\" class=\"kb-field kb-text-style-field kb-email-field kb-field-1\" data-required=\"yes\" data-required-message=\"Eine Email ist notwendig\" data-validation-message=\"Email ist nicht Zul\u00e4ssig.\"\/><span class=\"kb-field-help\">Damit wir Ihnen antworten k\u00f6nnen<\/span><\/div><div class=\"kadence-blocks-form-field kb-form-field-2 kb-field-desk-width-100 kb-input-size-custom\"><textarea name=\"kb_field_2\" id=\"kb_field_38_92c288-01_2\" data-label=\"Message\" type=\"textarea\" placeholder=\"Anfrage*\" data-type=\"textarea\" class=\"kb-field kb-text-style-field kb-textarea-field kb-field-2\" rows=\"4\" data-required=\"yes\" data-required-message=\"Bitte f\u00fcllen Sie Ihre Anfrage aus\"><\/textarea><span class=\"kb-field-help\">*Pflichtfeld<\/span><\/div><input type=\"hidden\" name=\"_kb_form_id\" value=\"38_92c288-01\"\/><input type=\"hidden\" name=\"_kb_form_post_id\" value=\"38\"\/><input type=\"hidden\" name=\"action\" value=\"kb_process_ajax_submit\"\/><input type=\"hidden\" name=\"recaptcha_response\" class=\"kb_recaptcha_response kb_recaptcha_38_92c288-01\"\/><label class=\"kadence-verify-label\">Email<input class=\"kadence-blocks-field verify\" type=\"text\" name=\"_kb_verify_email\" autocomplete=\"new-password\" aria-hidden=\"true\" placeholder=\"Email\" tabindex=\"-1\" data-1p-ignore=\"true\" data-lpignore=\"true\" \/><\/label><div class=\"kadence-blocks-form-field kb-submit-field kb-field-desk-width-100\"><button class=\"kb-forms-submit button kb-button-size-large kb-button-width-auto\">Nachricht Senden<\/button><\/div><\/form><\/div>\n<noscript><div class=\"kadence-blocks-form-message kadence-blocks-form-warning\">Bitte aktiviere JavaScript in deinem Browser, um dieses Formular fertigzustellen.<\/div><style>.kadence-form-38_92c288-01 .kadence-blocks-form-field.kb-submit-field { display: none; }<\/style><\/noscript><\/div><\/div>\n\n<\/div><\/div>\n\n\n<h2 class=\"wp-block-heading has-black-color has-text-color has-link-color wp-elements-ea4b9af98405fcc0e0afcb52aacdd9e3\">Anfahrt<\/h2>\n\n\n\n<p class=\"has-black-color has-text-color has-link-color wp-elements-47ece5533fb7344293c19fec25a347e4\">Kemmer Edelstahlschlosserei GmbH<br>B\u00f6hringerstra\u00dfe 39\/1<br>78315 Radolfzell am Bodensee<br>Germany<\/p>\n\n\n\n<div class=\"mapouter\"><div class=\"gmap_canvas\"><iframe width=\"1200\" height=\"500\" id=\"gmap_canvas\" data-src=\"https:\/\/maps.google.com\/maps?q=78315%20b%C3%B6hringerstra%C3%9Fe%2039\/1&amp;t=&amp;z=13&amp;ie=UTF8&amp;iwloc=&amp;output=embed\" frameborder=\"0\" scrolling=\"no\" marginheight=\"0\" marginwidth=\"0\" src=\"data:image\/svg+xml;base64,PHN2ZyB3aWR0aD0iMSIgaGVpZ2h0PSIxIiB4bWxucz0iaHR0cDovL3d3dy53My5vcmcvMjAwMC9zdmciPjwvc3ZnPg==\" class=\"lazyload\" data-load-mode=\"1\"><\/iframe><br><style>.mapouter{position:relative;text-align:right;height:500px;width:996px;}<\/style><a href=\"https:\/\/www.embedgooglemap.net\" target=\"_blank\" rel=\"noopener\">responsive google map embed<\/a><style>.gmap_canvas {overflow:hidden;background:none!important;height:500px;width:996px;}<\/style><\/div><\/div>\n\n\n\n<figure class=\"wp-block-image alignfull size-full\"><img decoding=\"async\" width=\"2560\" height=\"533\" data-src=\"https:\/\/meshpro.de\/wp-content\/uploads\/2026\/02\/Kein-Titel-1920-x-400-px-1920-x-300-px-5760-x-1200-px-5-scaled.png\" alt=\"\" class=\"wp-image-4657 lazyload\" data-srcset=\"https:\/\/meshpro.de\/wp-content\/uploads\/2026\/02\/Kein-Titel-1920-x-400-px-1920-x-300-px-5760-x-1200-px-5-scaled.png 2560w, https:\/\/meshpro.de\/wp-content\/uploads\/2026\/02\/Kein-Titel-1920-x-400-px-1920-x-300-px-5760-x-1200-px-5-300x63.png 300w, https:\/\/meshpro.de\/wp-content\/uploads\/2026\/02\/Kein-Titel-1920-x-400-px-1920-x-300-px-5760-x-1200-px-5-1024x213.png 1024w, https:\/\/meshpro.de\/wp-content\/uploads\/2026\/02\/Kein-Titel-1920-x-400-px-1920-x-300-px-5760-x-1200-px-5-768x160.png 768w, https:\/\/meshpro.de\/wp-content\/uploads\/2026\/02\/Kein-Titel-1920-x-400-px-1920-x-300-px-5760-x-1200-px-5-1536x320.png 1536w, https:\/\/meshpro.de\/wp-content\/uploads\/2026\/02\/Kein-Titel-1920-x-400-px-1920-x-300-px-5760-x-1200-px-5-2048x427.png 2048w, https:\/\/meshpro.de\/wp-content\/uploads\/2026\/02\/Kein-Titel-1920-x-400-px-1920-x-300-px-5760-x-1200-px-5-18x4.png 18w, https:\/\/meshpro.de\/wp-content\/uploads\/2026\/02\/Kein-Titel-1920-x-400-px-1920-x-300-px-5760-x-1200-px-5-600x125.png 600w\" data-sizes=\"(max-width: 2560px) 100vw, 2560px\" src=\"data:image\/svg+xml;base64,PHN2ZyB3aWR0aD0iMSIgaGVpZ2h0PSIxIiB4bWxucz0iaHR0cDovL3d3dy53My5vcmcvMjAwMC9zdmciPjwvc3ZnPg==\" style=\"--smush-placeholder-width: 2560px; --smush-placeholder-aspect-ratio: 2560\/533;\" \/><\/figure>\n\n\n\n<div style=\"height:100px\" aria-hidden=\"true\" class=\"wp-block-spacer\"><\/div>\n","protected":false},"excerpt":{"rendered":"<p>Kontaktieren Sie uns! Nutzen Sie unser Kontaktformular f\u00fcr Ihre individuelle Anfrage \u2013 wir setzen uns zeitnah pers\u00f6nlich mit Ihnen in Verbindung. Anfahrt Kemmer Edelstahlschlosserei GmbHB\u00f6hringerstra\u00dfe 39\/178315 Radolfzell am BodenseeGermany responsive google map embed<\/p>\n","protected":false},"author":1,"featured_media":0,"parent":0,"menu_order":0,"comment_status":"closed","ping_status":"closed","template":"","meta":{"_themeisle_gutenberg_block_has_review":false,"footnotes":""},"class_list":["post-38","page","type-page","status-publish","hentry"],"_links":{"self":[{"href":"https:\/\/meshpro.de\/de\/wp-json\/wp\/v2\/pages\/38","targetHints":{"allow":["GET"]}}],"collection":[{"href":"https:\/\/meshpro.de\/de\/wp-json\/wp\/v2\/pages"}],"about":[{"href":"https:\/\/meshpro.de\/de\/wp-json\/wp\/v2\/types\/page"}],"author":[{"embeddable":true,"href":"https:\/\/meshpro.de\/de\/wp-json\/wp\/v2\/users\/1"}],"replies":[{"embeddable":true,"href":"https:\/\/meshpro.de\/de\/wp-json\/wp\/v2\/comments?post=38"}],"version-history":[{"count":16,"href":"https:\/\/meshpro.de\/de\/wp-json\/wp\/v2\/pages\/38\/revisions"}],"predecessor-version":[{"id":4664,"href":"https:\/\/meshpro.de\/de\/wp-json\/wp\/v2\/pages\/38\/revisions\/4664"}],"wp:attachment":[{"href":"https:\/\/meshpro.de\/de\/wp-json\/wp\/v2\/media?parent=38"}],"curies":[{"name":"wp","href":"https:\/\/api.w.org\/{rel}","templated":true}]}}