{"id":13,"date":"2021-10-04T16:53:26","date_gmt":"2021-10-04T16:53:26","guid":{"rendered":"https:\/\/meshpro.de\/versand__lieferung"},"modified":"2023-09-12T13:26:56","modified_gmt":"2023-09-12T13:26:56","slug":"versand__lieferung","status":"publish","type":"page","link":"https:\/\/meshpro.de\/de\/versand__lieferung\/","title":{"rendered":"Versand &#038; Lieferung"},"content":{"rendered":"<p><strong>Preise, Versandkosten und Lieferinformationen<\/strong><\/p>\n<p>Die auf den Produktseiten genannten Preise enthalten die gesetzliche Mehrwertsteuer und sonstige Preisbestandteile.<\/p>\n<p>Wir liefern nur innerhalb Deutschlands und \u00d6sterreichs.<\/p>\n<p>Zus\u00e4tzlich zu den angegebenen Preisen berechnen wir f\u00fcr die Lieferung innerhalb Deutschlands und \u00d6sterreichs pauschal 6,90 Euro pro Bestellung. Die Versandkosten werden Ihnen im Warenkorbsystem und auf der Bestellseite nochmals deutlich mitgeteilt.<\/p>\n<p>Bei Zahlung per Nachnahme wird eine zus\u00e4tzliche Geb\u00fchr in H\u00f6he von 2,00 Euro f\u00e4llig, die der Zusteller vor Ort erhebt. Weitere Steuern oder Kosten fallen nicht an.<\/p>\n<p>Die Versandkostenpauschale betr\u00e4gt 6,90 Euro. Die Versandkostenpauschale enth\u00e4lt die gesetzliche Mehrwertsteuer.<\/p>\n","protected":false},"excerpt":{"rendered":"<p>Preise, Versandkosten und Lieferinformationen Die auf den Produktseiten genannten Preise enthalten die gesetzliche Mehrwertsteuer und sonstige Preisbestandteile. Wir liefern nur innerhalb Deutschlands und \u00d6sterreichs. Zus\u00e4tzlich zu den angegebenen Preisen berechnen wir f\u00fcr die Lieferung innerhalb Deutschlands und \u00d6sterreichs pauschal 6,90 Euro pro Bestellung. Die Versandkosten werden Ihnen im Warenkorbsystem und auf der Bestellseite nochmals deutlich &hellip;<\/p>\n","protected":false},"author":1,"featured_media":0,"parent":0,"menu_order":0,"comment_status":"closed","ping_status":"closed","template":"","meta":{"_themeisle_gutenberg_block_has_review":false,"footnotes":""},"class_list":["post-13","page","type-page","status-publish","hentry"],"_links":{"self":[{"href":"https:\/\/meshpro.de\/de\/wp-json\/wp\/v2\/pages\/13","targetHints":{"allow":["GET"]}}],"collection":[{"href":"https:\/\/meshpro.de\/de\/wp-json\/wp\/v2\/pages"}],"about":[{"href":"https:\/\/meshpro.de\/de\/wp-json\/wp\/v2\/types\/page"}],"author":[{"embeddable":true,"href":"https:\/\/meshpro.de\/de\/wp-json\/wp\/v2\/users\/1"}],"replies":[{"embeddable":true,"href":"https:\/\/meshpro.de\/de\/wp-json\/wp\/v2\/comments?post=13"}],"version-history":[{"count":2,"href":"https:\/\/meshpro.de\/de\/wp-json\/wp\/v2\/pages\/13\/revisions"}],"predecessor-version":[{"id":1918,"href":"https:\/\/meshpro.de\/de\/wp-json\/wp\/v2\/pages\/13\/revisions\/1918"}],"wp:attachment":[{"href":"https:\/\/meshpro.de\/de\/wp-json\/wp\/v2\/media?parent=13"}],"curies":[{"name":"wp","href":"https:\/\/api.w.org\/{rel}","templated":true}]}}