{"id":12,"date":"2021-10-04T16:53:26","date_gmt":"2021-10-04T16:53:26","guid":{"rendered":"https:\/\/meshpro.de\/impressum"},"modified":"2026-04-06T19:40:55","modified_gmt":"2026-04-06T19:40:55","slug":"impressum","status":"publish","type":"page","link":"https:\/\/meshpro.de\/de\/impressum\/","title":{"rendered":"Impressum"},"content":{"rendered":"\n<h1 class=\"wp-block-heading\">Impressum<\/h1>\n\n\n\n<p><strong>Impressum<\/strong><\/p>\n\n\n\n<p>MESHPRO\u00ae ist eine eingetragene Marke der Kemmer Edelstahlschlosserei GmbH, gesch\u00fctzt in der Europ\u00e4ischen Union.<\/p>\n\n\n\n<p><strong>Kemmer Edelstahlschlosserei GmbH<\/strong><br>Gesch\u00e4ftsf\u00fchrung: Uwe Kemmer &amp; Dieter Kemmer<br>B\u00f6hringerstra\u00dfe 39\/1, 78315 Radolfzell am Bodensee<\/p>\n\n\n\n<p><strong>Kontakt<\/strong><br>Telefon: +49 (0) 7732 8974939<br>E-Mail: <a href=\"mailto:info@meshpro.de\">info@meshpro.de<\/a><\/p>\n\n\n\n<p><strong>Registereintrag<\/strong><br>Amtsgericht Singen\/Htwl., HRB 550308<\/p>\n\n\n\n<p><strong>Umsatzsteuer-ID<\/strong><br>USt-IdNr.: DE234125575<\/p>\n","protected":false},"excerpt":{"rendered":"<p>Impressum Impressum MESHPRO\u00ae ist eine eingetragene Marke der Kemmer Edelstahlschlosserei GmbH, gesch\u00fctzt in der Europ\u00e4ischen Union. Kemmer Edelstahlschlosserei GmbHGesch\u00e4ftsf\u00fchrung: Uwe Kemmer &amp; Dieter KemmerB\u00f6hringerstra\u00dfe 39\/1, 78315 Radolfzell am Bodensee KontaktTelefon: +49 (0) 7732 8974939E-Mail: info@meshpro.de RegistereintragAmtsgericht Singen\/Htwl., HRB 550308 Umsatzsteuer-IDUSt-IdNr.: DE234125575<\/p>\n","protected":false},"author":1,"featured_media":0,"parent":0,"menu_order":0,"comment_status":"closed","ping_status":"closed","template":"","meta":{"_themeisle_gutenberg_block_has_review":false,"footnotes":""},"class_list":["post-12","page","type-page","status-publish","hentry"],"_links":{"self":[{"href":"https:\/\/meshpro.de\/de\/wp-json\/wp\/v2\/pages\/12","targetHints":{"allow":["GET"]}}],"collection":[{"href":"https:\/\/meshpro.de\/de\/wp-json\/wp\/v2\/pages"}],"about":[{"href":"https:\/\/meshpro.de\/de\/wp-json\/wp\/v2\/types\/page"}],"author":[{"embeddable":true,"href":"https:\/\/meshpro.de\/de\/wp-json\/wp\/v2\/users\/1"}],"replies":[{"embeddable":true,"href":"https:\/\/meshpro.de\/de\/wp-json\/wp\/v2\/comments?post=12"}],"version-history":[{"count":5,"href":"https:\/\/meshpro.de\/de\/wp-json\/wp\/v2\/pages\/12\/revisions"}],"predecessor-version":[{"id":4889,"href":"https:\/\/meshpro.de\/de\/wp-json\/wp\/v2\/pages\/12\/revisions\/4889"}],"wp:attachment":[{"href":"https:\/\/meshpro.de\/de\/wp-json\/wp\/v2\/media?parent=12"}],"curies":[{"name":"wp","href":"https:\/\/api.w.org\/{rel}","templated":true}]}}